{"id":7485,"date":"2020-12-30T21:03:44","date_gmt":"2020-12-30T20:03:44","guid":{"rendered":"https:\/\/constant-balance.com\/?page_id=7485"},"modified":"2024-11-10T14:20:35","modified_gmt":"2024-11-10T13:20:35","slug":"sai-shakti","status":"publish","type":"page","link":"https:\/\/constant-balance.com\/englische-version\/sai-shakti\/","title":{"rendered":"sai-shakti-healing"},"content":{"rendered":"<div data-elementor-type=\"wp-page\" data-elementor-id=\"7485\" class=\"elementor elementor-7485\" data-elementor-post-type=\"page\">\n\t\t\t\t\t\t<section class=\"elementor-section elementor-top-section elementor-element elementor-element-c242cea elementor-section-height-min-height elementor-section-boxed elementor-section-height-default elementor-section-items-middle\" data-id=\"c242cea\" data-element_type=\"section\" data-e-type=\"section\" data-settings=\"{&quot;background_background&quot;:&quot;classic&quot;}\">\n\t\t\t\t\t\t\t<div class=\"elementor-background-overlay\"><\/div>\n\t\t\t\t\t\t\t<div class=\"elementor-container elementor-column-gap-default\">\n\t\t\t\t\t<div class=\"elementor-column elementor-col-100 elementor-top-column elementor-element elementor-element-f7ae913\" data-id=\"f7ae913\" data-element_type=\"column\" data-e-type=\"column\">\n\t\t\t<div class=\"elementor-widget-wrap elementor-element-populated\">\n\t\t\t\t\t\t<div class=\"elementor-element elementor-element-b408daa elementor-widget elementor-widget-heading\" data-id=\"b408daa\" data-element_type=\"widget\" data-e-type=\"widget\" data-widget_type=\"heading.default\">\n\t\t\t\t<div class=\"elementor-widget-container\">\n\t\t\t\t\t<h2 class=\"elementor-heading-title elementor-size-default\">SAI SHAKTI HEALING<\/h2>\t\t\t\t<\/div>\n\t\t\t\t<\/div>\n\t\t\t\t\t<\/div>\n\t\t<\/div>\n\t\t\t\t\t<\/div>\n\t\t<\/section>\n\t\t\t\t<section class=\"elementor-section elementor-top-section elementor-element elementor-element-a8ef3ab elementor-section-boxed elementor-section-height-default elementor-section-height-default\" data-id=\"a8ef3ab\" data-element_type=\"section\" data-e-type=\"section\">\n\t\t\t\t\t\t<div class=\"elementor-container elementor-column-gap-default\">\n\t\t\t\t\t<div class=\"elementor-column elementor-col-100 elementor-top-column elementor-element elementor-element-1e1081a\" data-id=\"1e1081a\" data-element_type=\"column\" data-e-type=\"column\">\n\t\t\t<div class=\"elementor-widget-wrap elementor-element-populated\">\n\t\t\t\t\t\t<div class=\"elementor-element elementor-element-5507f5c elementor-widget elementor-widget-heading\" data-id=\"5507f5c\" data-element_type=\"widget\" data-e-type=\"widget\" data-widget_type=\"heading.default\">\n\t\t\t\t<div class=\"elementor-widget-container\">\n\t\t\t\t\t<h2 class=\"elementor-heading-title elementor-size-default\">SAI SHAKTI HEALING<\/h2>\t\t\t\t<\/div>\n\t\t\t\t<\/div>\n\t\t\t\t<div class=\"elementor-element elementor-element-df7b9b2 elementor-widget elementor-widget-text-editor\" data-id=\"df7b9b2\" data-element_type=\"widget\" data-e-type=\"widget\" data-widget_type=\"text-editor.default\">\n\t\t\t\t<div class=\"elementor-widget-container\">\n\t\t\t\t\t\t\t\t\tIm Jahrtausende alten vedischen Heilwissen hei\u00dft die Urkraft, also die spirituelle Energie, die wir zum Leben brauchen: Shakti. Sie wird in einer besonderen Heiltechnik geweckt und gest\u00e4rkt. Der indische Gelehrte Sri Sai Kaleshwar hat sie seine Sch\u00fcler gelehrt.\t\t\t\t\t\t\t\t<\/div>\n\t\t\t\t<\/div>\n\t\t\t\t<div class=\"elementor-element elementor-element-acbefe4 elementor-widget elementor-widget-text-editor\" data-id=\"acbefe4\" data-element_type=\"widget\" data-e-type=\"widget\" data-widget_type=\"text-editor.default\">\n\t\t\t\t<div class=\"elementor-widget-container\">\n\t\t\t\t\t\t\t\t\tENTSPANNENDE UND HEILENDE BER\u00dcHRUNG\t\t\t\t\t\t\t\t<\/div>\n\t\t\t\t<\/div>\n\t\t\t\t<div class=\"elementor-element elementor-element-4ff97f5 elementor-widget elementor-widget-text-editor\" data-id=\"4ff97f5\" data-element_type=\"widget\" data-e-type=\"widget\" data-widget_type=\"text-editor.default\">\n\t\t\t\t<div class=\"elementor-widget-container\">\n\t\t\t\t\t\t\t\t\tBeim Sai Shakti Healing ber\u00fchre ich sanft die wichtigsten Energiepunkte (Chakren) ihres K\u00f6rpers und \u00fcbertrage h\u00f6here Energie, die mit meiner Hilfe in Ihnen flie\u00dft, v\u00f6llig ungef\u00e4hrlich und sicher. Diese Heilweise wirkt auf allen Ebenen \u2013 geistig, emotional, seelisch und k\u00f6rperlich.\t\t\t\t\t\t\t\t<\/div>\n\t\t\t\t<\/div>\n\t\t\t\t<div class=\"elementor-element elementor-element-d1dac98 elementor-widget elementor-widget-text-editor\" data-id=\"d1dac98\" data-element_type=\"widget\" data-e-type=\"widget\" data-widget_type=\"text-editor.default\">\n\t\t\t\t<div class=\"elementor-widget-container\">\n\t\t\t\t\t\t\t\t\tIHRE SELBSTHEILUNGSKR\u00c4FTE WERDEN AKTIVIERT UND GEST\u00c4RKT.\t\t\t\t\t\t\t\t<\/div>\n\t\t\t\t<\/div>\n\t\t\t\t<div class=\"elementor-element elementor-element-b8880a4 elementor-widget elementor-widget-text-editor\" data-id=\"b8880a4\" data-element_type=\"widget\" data-e-type=\"widget\" data-widget_type=\"text-editor.default\">\n\t\t\t\t<div class=\"elementor-widget-container\">\n\t\t\t\t\t\t\t\t\tSai Shakti Healing hilft, innere Gelassenheit wiederzufinden. Unruhe, depressive Verstimmung, Schlaflosigkeit und Stress-Situationen werden gelindert. Oft finden Sie dadurch einfach Abstand zum Alltag und f\u00fchlen sich besser, sogar dauerhaft.\n\n\t\t\t\t\t\t\t\t<\/div>\n\t\t\t\t<\/div>\n\t\t\t\t<div class=\"elementor-element elementor-element-f2892ab elementor-widget elementor-widget-text-editor\" data-id=\"f2892ab\" data-element_type=\"widget\" data-e-type=\"widget\" data-widget_type=\"text-editor.default\">\n\t\t\t\t<div class=\"elementor-widget-container\">\n\t\t\t\t\t\t\t\t\tSIE ERLEBEN FRIEDEN UND ENTSPANNENDE STILLE.\t\t\t\t\t\t\t\t<\/div>\n\t\t\t\t<\/div>\n\t\t\t\t<div class=\"elementor-element elementor-element-09d7766 elementor-widget elementor-widget-text-editor\" data-id=\"09d7766\" data-element_type=\"widget\" data-e-type=\"widget\" data-widget_type=\"text-editor.default\">\n\t\t\t\t<div class=\"elementor-widget-container\">\n\t\t\t\t\t\t\t\t\t<p>130 Euro \/ 60 Minuten<\/p>\t\t\t\t\t\t\t\t<\/div>\n\t\t\t\t<\/div>\n\t\t\t\t<div class=\"elementor-element elementor-element-406eebb elementor-widget elementor-widget-button\" data-id=\"406eebb\" data-element_type=\"widget\" data-e-type=\"widget\" data-widget_type=\"button.default\">\n\t\t\t\t<div class=\"elementor-widget-container\">\n\t\t\t\t\t\t\t\t\t<div class=\"elementor-button-wrapper\">\n\t\t\t\t\t<a class=\"elementor-button elementor-button-link elementor-size-sm\" href=\"https:\/\/constant-balance.com\/englische-version\/heiler-mensch\/\">\n\t\t\t\t\t\t<span class=\"elementor-button-content-wrapper\">\n\t\t\t\t\t\t\t\t\t<span class=\"elementor-button-text\">Zur\u00fcck zu den Wohlf\u00fchlmomenten<\/span>\n\t\t\t\t\t<\/span>\n\t\t\t\t\t<\/a>\n\t\t\t\t<\/div>\n\t\t\t\t\t\t\t\t<\/div>\n\t\t\t\t<\/div>\n\t\t\t\t\t<\/div>\n\t\t<\/div>\n\t\t\t\t\t<\/div>\n\t\t<\/section>\n\t\t\t\t<\/div>","protected":false},"excerpt":{"rendered":"<p>SAI SHAKTI HEALING SAI SHAKTI HEALING Im Jahrtausende alten vedischen Heilwissen hei\u00dft die Urkraft, also die spirituelle Energie, die wir zum Leben brauchen: Shakti. Sie wird in einer besonderen Heiltechnik geweckt und gest\u00e4rkt. Der indische Gelehrte Sri Sai Kaleshwar hat sie seine Sch\u00fcler gelehrt.ENTSPANNENDE UND HEILENDE BER\u00dcHRUNGBeim Sai Shakti Healing ber\u00fchre ich sanft die wichtigsten [&hellip;]<\/p>","protected":false},"author":1,"featured_media":0,"parent":0,"menu_order":0,"comment_status":"closed","ping_status":"closed","template":"elementor_header_footer","meta":{"footnotes":""},"class_list":["post-7485","page","type-page","status-publish","hentry"],"_links":{"self":[{"href":"https:\/\/constant-balance.com\/englische-version\/wp-json\/wp\/v2\/pages\/7485","targetHints":{"allow":["GET"]}}],"collection":[{"href":"https:\/\/constant-balance.com\/englische-version\/wp-json\/wp\/v2\/pages"}],"about":[{"href":"https:\/\/constant-balance.com\/englische-version\/wp-json\/wp\/v2\/types\/page"}],"author":[{"embeddable":true,"href":"https:\/\/constant-balance.com\/englische-version\/wp-json\/wp\/v2\/users\/1"}],"replies":[{"embeddable":true,"href":"https:\/\/constant-balance.com\/englische-version\/wp-json\/wp\/v2\/comments?post=7485"}],"version-history":[{"count":23,"href":"https:\/\/constant-balance.com\/englische-version\/wp-json\/wp\/v2\/pages\/7485\/revisions"}],"predecessor-version":[{"id":7839,"href":"https:\/\/constant-balance.com\/englische-version\/wp-json\/wp\/v2\/pages\/7485\/revisions\/7839"}],"wp:attachment":[{"href":"https:\/\/constant-balance.com\/englische-version\/wp-json\/wp\/v2\/media?parent=7485"}],"curies":[{"name":"wp","href":"https:\/\/api.w.org\/{rel}","templated":true}]}}