{"id":7493,"date":"2020-12-30T21:08:54","date_gmt":"2020-12-30T20:08:54","guid":{"rendered":"https:\/\/constant-balance.com\/?page_id=7493"},"modified":"2024-11-10T14:08:53","modified_gmt":"2024-11-10T13:08:53","slug":"wirbelsaeulenaufrichtung","status":"publish","type":"page","link":"https:\/\/constant-balance.com\/englische-version\/wirbelsaeulenaufrichtung\/","title":{"rendered":"wirbelsaeulenaufrichtung"},"content":{"rendered":"<div data-elementor-type=\"wp-page\" data-elementor-id=\"7493\" class=\"elementor elementor-7493\" data-elementor-post-type=\"page\">\n\t\t\t\t\t\t<section class=\"elementor-section elementor-top-section elementor-element elementor-element-d9b1940 elementor-section-height-min-height elementor-section-boxed elementor-section-height-default elementor-section-items-middle\" data-id=\"d9b1940\" data-element_type=\"section\" data-e-type=\"section\" data-settings=\"{&quot;background_background&quot;:&quot;classic&quot;}\">\n\t\t\t\t\t\t\t<div class=\"elementor-background-overlay\"><\/div>\n\t\t\t\t\t\t\t<div class=\"elementor-container elementor-column-gap-default\">\n\t\t\t\t\t<div class=\"elementor-column elementor-col-100 elementor-top-column elementor-element elementor-element-5b67f36\" data-id=\"5b67f36\" data-element_type=\"column\" data-e-type=\"column\">\n\t\t\t<div class=\"elementor-widget-wrap elementor-element-populated\">\n\t\t\t\t\t\t<div class=\"elementor-element elementor-element-a79d9e4 elementor-widget elementor-widget-heading\" data-id=\"a79d9e4\" data-element_type=\"widget\" data-e-type=\"widget\" data-widget_type=\"heading.default\">\n\t\t\t\t<div class=\"elementor-widget-container\">\n\t\t\t\t\t<h2 class=\"elementor-heading-title elementor-size-default\">WIRBELS\u00c4ULENAUFRICHTUNG<\/h2>\t\t\t\t<\/div>\n\t\t\t\t<\/div>\n\t\t\t\t\t<\/div>\n\t\t<\/div>\n\t\t\t\t\t<\/div>\n\t\t<\/section>\n\t\t\t\t<section class=\"elementor-section elementor-top-section elementor-element elementor-element-5b3d562 elementor-section-boxed elementor-section-height-default elementor-section-height-default\" data-id=\"5b3d562\" data-element_type=\"section\" data-e-type=\"section\">\n\t\t\t\t\t\t<div class=\"elementor-container elementor-column-gap-default\">\n\t\t\t\t\t<div class=\"elementor-column elementor-col-100 elementor-top-column elementor-element elementor-element-09fbdeb\" data-id=\"09fbdeb\" data-element_type=\"column\" data-e-type=\"column\">\n\t\t\t<div class=\"elementor-widget-wrap elementor-element-populated\">\n\t\t\t\t\t\t<div class=\"elementor-element elementor-element-b916f5d elementor-widget elementor-widget-heading\" data-id=\"b916f5d\" data-element_type=\"widget\" data-e-type=\"widget\" data-widget_type=\"heading.default\">\n\t\t\t\t<div class=\"elementor-widget-container\">\n\t\t\t\t\t<h2 class=\"elementor-heading-title elementor-size-default\">GEISTIGE WIEDERAUFRICHTUNG DER WIRBELS\u00c4ULE<\/h2>\t\t\t\t<\/div>\n\t\t\t\t<\/div>\n\t\t\t\t<div class=\"elementor-element elementor-element-0f33b37 elementor-widget elementor-widget-text-editor\" data-id=\"0f33b37\" data-element_type=\"widget\" data-e-type=\"widget\" data-widget_type=\"text-editor.default\">\n\t\t\t\t<div class=\"elementor-widget-container\">\n\t\t\t\t\t\t\t\t\t\u00dcber das vegetative Nervensystem ist die Wirbels\u00e4ule mit allen Organen  verbunden. Ebenso mit allen Chakren, mit allen feinstofflichen K\u00f6rpern, dem  Atemk\u00f6rper, dem emotionalen und mentalen K\u00f6rper.\t\t\t\t\t\t\t\t<\/div>\n\t\t\t\t<\/div>\n\t\t\t\t<div class=\"elementor-element elementor-element-47cc51e elementor-widget elementor-widget-text-editor\" data-id=\"47cc51e\" data-element_type=\"widget\" data-e-type=\"widget\" data-widget_type=\"text-editor.default\">\n\t\t\t\t<div class=\"elementor-widget-container\">\n\t\t\t\t\t\t\t\t\tDIE WIRBELS\u00c4ULE IST DER SPEICHER ALLER SEELISCHEN EREIGNISSE UND ERLEBNISSE IN K\u00d6RPER, SEELE UND GEIST.\t\t\t\t\t\t\t\t<\/div>\n\t\t\t\t<\/div>\n\t\t\t\t<div class=\"elementor-element elementor-element-68137c4 elementor-widget elementor-widget-text-editor\" data-id=\"68137c4\" data-element_type=\"widget\" data-e-type=\"widget\" data-widget_type=\"text-editor.default\">\n\t\t\t\t<div class=\"elementor-widget-container\">\n\t\t\t\t\t\t\t\t\t<p>Jede Emotion wie Angst, Stress, Kummer und Leid und viele mehr hinterl\u00e4sst eine Spur in der Wirbels\u00e4ule\u00a0 \u2013 als Blockade, als Verdrehung und Verschiebung, als Sch\u00e4digung der Wirbelk\u00f6rper.<\/p>\n<p>All diese gespeicherten negativen Emotionen k\u00f6nnen Krankheiten verursachen wie Migr\u00e4ne, Tinnitus, Sehst\u00f6rungen, Lymphstau, Herz-\/Kreislaufbeschwerden, Nervenerkrankungen, Schmerzen an R\u00fccken, HWS, Schulter, Kiefergelenk, Knie-, H\u00fcft- und Fu\u00dfbeschwerden, Gleichgewichts-, Atmungs- und H\u00f6rst\u00f6rungen.<\/p>\n<p>Bei Schockerlebnissen kann dies in Sekundenschnelle geschehen, die Wirbels\u00e4ule verdreht und verschiebt sich. Dies alles bleibt dauerhaft in den Wirbeln gespeichert. Das gilt auch f\u00fcr Depressionen und \u00c4ngsten, f\u00fcr Blockaden und Glaubensmuster.<\/p>\n<p>Der Mensch ist nicht mehr aufrecht, sondern vielfach verkr\u00fcmmt.<\/p>\t\t\t\t\t\t\t\t<\/div>\n\t\t\t\t<\/div>\n\t\t\t\t<div class=\"elementor-element elementor-element-46dd76d elementor-widget elementor-widget-text-editor\" data-id=\"46dd76d\" data-element_type=\"widget\" data-e-type=\"widget\" data-widget_type=\"text-editor.default\">\n\t\t\t\t<div class=\"elementor-widget-container\">\n\t\t\t\t\t\t\t\t\tDIE GEISTIGE WIEDERAUFRICHTUNG DER WIRBELS\u00c4ULE IST OFT DER WEG ZUR GANZHEITLICHEN HEILUNG,  SIE IST EINE WIRKSAME METHODE ZUR BEHEBUNG VON SEELISCHEN, GEISTIGEN UND K\u00d6RPERLICHEN PROBLEMEN.\t\t\t\t\t\t\t\t<\/div>\n\t\t\t\t<\/div>\n\t\t\t\t<div class=\"elementor-element elementor-element-06cc7c5 elementor-widget elementor-widget-text-editor\" data-id=\"06cc7c5\" data-element_type=\"widget\" data-e-type=\"widget\" data-widget_type=\"text-editor.default\">\n\t\t\t\t<div class=\"elementor-widget-container\">\n\t\t\t\t\t\t\t\t\t<p>Die Begradigung der verkr\u00fcmmten Wirbels\u00e4ule, die L\u00f6sung der gespeicherten Beschwerden und Blockaden in den Wirbelk\u00f6rpern ist f\u00fcr jeden Menschen entwicklungsf\u00f6rdernd, bewu\u00dftseinserweiternd und heilsam.<\/p>\n<p>Auch vorbeugend kann die geistige Wirbels\u00e4ulenaufrichtung eingesetzt werden.<\/p>\n<p>Sie sollten&nbsp;aktiv&nbsp;bei der auf allen Ebenen wirksamen geistigen Aufrichtung der Wirbels\u00e4ule&nbsp;mitwirken. Das hei\u00dft: Sie \u00fcbernehmen die Verantwortung f\u00fcr ihr Leben, leben authentisch und sch\u00e4tzen sich, sorgen f\u00fcr gesunde Lebensweise. Sie werden sich bewu\u00dft, dass ihre Gedanken, Gef\u00fchle und Worte ihr Leben erschaffen und gestalten.<\/p>\n<p>Ich helfe Ihnen dabei, Ihre Wirbels\u00e4ule aufzurichten, viele alte und neue Blockaden und Verspannungen zu l\u00f6sen, auf allen Ebenen, seelisch, geistig und k\u00f6rperlich. Das geschieht manchmal in Sekundenschnelle.<\/p>\n<p class=\"hl\">Nur der aufgerichtete Mensch ist gesund \u2013 und kann ganzheitlich gut leben.<br>Und f\u00fchlt sich wohl.<\/p>\n<p>130,- Euro<\/p>\t\t\t\t\t\t\t\t<\/div>\n\t\t\t\t<\/div>\n\t\t\t\t<div class=\"elementor-element elementor-element-247db27 elementor-widget elementor-widget-button\" data-id=\"247db27\" data-element_type=\"widget\" data-e-type=\"widget\" data-widget_type=\"button.default\">\n\t\t\t\t<div class=\"elementor-widget-container\">\n\t\t\t\t\t\t\t\t\t<div class=\"elementor-button-wrapper\">\n\t\t\t\t\t<a class=\"elementor-button elementor-button-link elementor-size-sm\" href=\"https:\/\/constant-balance.com\/englische-version\/heiler-mensch\/\">\n\t\t\t\t\t\t<span class=\"elementor-button-content-wrapper\">\n\t\t\t\t\t\t\t\t\t<span class=\"elementor-button-text\">Zur\u00fcck zu den Wohlf\u00fchbehandlungen<\/span>\n\t\t\t\t\t<\/span>\n\t\t\t\t\t<\/a>\n\t\t\t\t<\/div>\n\t\t\t\t\t\t\t\t<\/div>\n\t\t\t\t<\/div>\n\t\t\t\t\t<\/div>\n\t\t<\/div>\n\t\t\t\t\t<\/div>\n\t\t<\/section>\n\t\t\t\t<\/div>","protected":false},"excerpt":{"rendered":"<p>WIRBELS\u00c4ULENAUFRICHTUNG GEISTIGE WIEDERAUFRICHTUNG DER WIRBELS\u00c4ULE \u00dcber das vegetative Nervensystem ist die Wirbels\u00e4ule mit allen Organen verbunden. Ebenso mit allen Chakren, mit allen feinstofflichen K\u00f6rpern, dem Atemk\u00f6rper, dem emotionalen und mentalen K\u00f6rper.DIE WIRBELS\u00c4ULE IST DER SPEICHER ALLER SEELISCHEN EREIGNISSE UND ERLEBNISSE IN K\u00d6RPER, SEELE UND GEIST. Jede Emotion wie Angst, Stress, Kummer und Leid und viele [&hellip;]<\/p>","protected":false},"author":1,"featured_media":0,"parent":0,"menu_order":0,"comment_status":"closed","ping_status":"closed","template":"elementor_header_footer","meta":{"footnotes":""},"class_list":["post-7493","page","type-page","status-publish","hentry"],"_links":{"self":[{"href":"https:\/\/constant-balance.com\/englische-version\/wp-json\/wp\/v2\/pages\/7493","targetHints":{"allow":["GET"]}}],"collection":[{"href":"https:\/\/constant-balance.com\/englische-version\/wp-json\/wp\/v2\/pages"}],"about":[{"href":"https:\/\/constant-balance.com\/englische-version\/wp-json\/wp\/v2\/types\/page"}],"author":[{"embeddable":true,"href":"https:\/\/constant-balance.com\/englische-version\/wp-json\/wp\/v2\/users\/1"}],"replies":[{"embeddable":true,"href":"https:\/\/constant-balance.com\/englische-version\/wp-json\/wp\/v2\/comments?post=7493"}],"version-history":[{"count":17,"href":"https:\/\/constant-balance.com\/englische-version\/wp-json\/wp\/v2\/pages\/7493\/revisions"}],"predecessor-version":[{"id":7848,"href":"https:\/\/constant-balance.com\/englische-version\/wp-json\/wp\/v2\/pages\/7493\/revisions\/7848"}],"wp:attachment":[{"href":"https:\/\/constant-balance.com\/englische-version\/wp-json\/wp\/v2\/media?parent=7493"}],"curies":[{"name":"wp","href":"https:\/\/api.w.org\/{rel}","templated":true}]}}