{"id":7680,"date":"2021-01-02T20:27:31","date_gmt":"2021-01-02T19:27:31","guid":{"rendered":"https:\/\/constant-balance.com\/?page_id=7680"},"modified":"2024-11-10T14:08:17","modified_gmt":"2024-11-10T13:08:17","slug":"energetische-transformation","status":"publish","type":"page","link":"https:\/\/constant-balance.com\/englische-version\/energetische-transformation\/","title":{"rendered":"Energetische Transformation"},"content":{"rendered":"<div data-elementor-type=\"wp-page\" data-elementor-id=\"7680\" class=\"elementor elementor-7680\" data-elementor-post-type=\"page\">\n\t\t\t\t\t\t<section class=\"elementor-section elementor-top-section elementor-element elementor-element-105d722 elementor-section-height-min-height elementor-section-boxed elementor-section-height-default elementor-section-items-middle\" data-id=\"105d722\" data-element_type=\"section\" data-e-type=\"section\" data-settings=\"{&quot;background_background&quot;:&quot;classic&quot;}\">\n\t\t\t\t\t\t\t<div class=\"elementor-background-overlay\"><\/div>\n\t\t\t\t\t\t\t<div class=\"elementor-container elementor-column-gap-default\">\n\t\t\t\t\t<div class=\"elementor-column elementor-col-100 elementor-top-column elementor-element elementor-element-e059968\" data-id=\"e059968\" data-element_type=\"column\" data-e-type=\"column\">\n\t\t\t<div class=\"elementor-widget-wrap elementor-element-populated\">\n\t\t\t\t\t\t<div class=\"elementor-element elementor-element-03f2b1e elementor-widget elementor-widget-heading\" data-id=\"03f2b1e\" data-element_type=\"widget\" data-e-type=\"widget\" data-widget_type=\"heading.default\">\n\t\t\t\t<div class=\"elementor-widget-container\">\n\t\t\t\t\t<h2 class=\"elementor-heading-title elementor-size-default\">ENERGETISCHE TRANSFORMATION<p><br>SALUTOGENESE<\/h2>\t\t\t\t<\/div>\n\t\t\t\t<\/div>\n\t\t\t\t\t<\/div>\n\t\t<\/div>\n\t\t\t\t\t<\/div>\n\t\t<\/section>\n\t\t\t\t<section class=\"elementor-section elementor-top-section elementor-element elementor-element-00cab7d elementor-section-boxed elementor-section-height-default elementor-section-height-default\" data-id=\"00cab7d\" data-element_type=\"section\" data-e-type=\"section\">\n\t\t\t\t\t\t<div class=\"elementor-container elementor-column-gap-default\">\n\t\t\t\t\t<div class=\"elementor-column elementor-col-100 elementor-top-column elementor-element elementor-element-490709d\" data-id=\"490709d\" data-element_type=\"column\" data-e-type=\"column\">\n\t\t\t<div class=\"elementor-widget-wrap elementor-element-populated\">\n\t\t\t\t\t\t<div class=\"elementor-element elementor-element-60b89cb elementor-widget elementor-widget-text-editor\" data-id=\"60b89cb\" data-element_type=\"widget\" data-e-type=\"widget\" data-widget_type=\"text-editor.default\">\n\t\t\t\t<div class=\"elementor-widget-container\">\n\t\t\t\t\t\t\t\t\t<p><span style=\"font-family: var( --e-global-typography-text-font-family ), Sans-serif; font-weight: var( --e-global-typography-text-font-weight ); font-size: 1rem;\">Menschen sind in der Einheit aus K\u00f6rper, Geist und Seele st\u00e4ndig mit Herausforderungen konfrontiert, die unser Lebenssystem unbemerkt schw\u00e4chen. Dieses f\u00fchrt in der Folge zu k\u00f6rperlichem Unwohlsein und Stress. In der Folge hat dies tiefe Auswirkungen auf uns selbst, das pers\u00f6nliche Umfeld in unserem Haus, unserer Wohnung und am Arbeitsplatz, da wir dort permanent negative energetische Abdr\u00fccke hinterlassen, die schlie\u00dflich Disharmonien schaffen.<\/span><\/p><p>Da sich diese energetischen Abdr\u00fccke nicht von allein aufl\u00f6sen, treten dieselben Disharmonien auch auf, wenn neue Lebens- und Arbeitsr\u00e4ume bezogen werden. Oftmals bemerken wir erst nach einiger Zeit, dass wir in diesen R\u00e4umen weder ausgeglichen noch produktiv sind, weil wir massiven verbliebenen Fremdenergien ausgesetzt sind.<\/p><p>Das Leben in der gegenw\u00e4rtigen Situation, die in allen Bereichen von gro\u00dfer Unsicherheit gepr\u00e4gt ist, f\u00fchrt zu einem Stresslevel, der Menschen an ihr Belastungslimit bringt.<\/p><p>Klares, angstfreies Denken, ist dann blockiert und wir treffen Entscheidungen, die uns auf den falschen Weg bringen und die wir im Nachhinein bereuen.<\/p><p>Letztlich haben alle Ereignisse, die sich uns in den Weg stellen, ihren Sinn und sto\u00dfen Ver\u00e4nderungen und Transformation in uns an. Nehmen wir die Herausforderungen an, die uns das Leben stellt, gewinnen wir innere Klarheit.<\/p><p>Meine Arbeit unterst\u00fctzt Sie und beschleunigt diesen Weg mithilfe der Energetischen Transformation. Dadurch setzen Sie Kr\u00e4fte frei, die Sie gesunden lassen und Ihr Energieniveau heben. (Salutogenese)<\/p><p><strong>\u00a0\u00a0\u00a0\u00a0\u00a0\u00a0\u00a0\u00a0\u00a0\u00a0\u00a0\u00a0\u00a0\u00a0\u00a0\u00a0\u00a0\u00a0\u00a0\u00a0\u00a0\u00a0\u00a0\u00a0\u00a0 <\/strong><\/p><p><strong>Was bewirkt die Energetische Transformation-Salutogenese?<\/strong><\/p><p>Durch energetischen Ausgleich erlangen Sie Ihr Wohlbefinden zur\u00fcck.<\/p><p>Sie erfahren tiefe innere Ruhe.<\/p><p>Meditationseinheiten f\u00fchren zu Ausgeglichenheit<\/p><p>Die Befreiung von negativem Gedankenabfall l\u00e4sst Sie Ihre Lebensumst\u00e4nde mit Klarheit beurteilen.<\/p><p>Sie erlangen Ihr Urvertrauen in sich selbst zur\u00fcck.<\/p><p>Sie erfahren eine Stabilisierung schwieriger Lebensumst\u00e4nde und pers\u00f6nliche Standfestigkeit<\/p><p>Ihre Lebensfreude nimmt zu und damit auch Ihre positive Ausstrahlung<\/p><p><strong>Welche Methoden nutze ich f\u00fcr die Energetische Transformation?<\/strong><\/p><p>Die Energetische Transformation setzt sich aus mehreren Aspekten zusammen und beinhaltet die Essenz langj\u00e4hriger Arbeit am und mit Menschen und in verschiedensten Raumsituationen. Ich nutze verschiedene Methoden der K\u00f6rper-, Meditations- und Energiearbeit, sowie traditionelle und neuartige spirituelle Herangehensweisen, um durch individuelle Kombination der Techniken das zielf\u00fchrendste Ergebnis f\u00fcr Sie zu bewirken. Elementarer Aspekt meiner Arbeit ist die bewusste Verbindung mit h\u00f6heren Bewusstseinsebenen.<\/p><p>Es folgen f\u00fcnf Stufen der Transformation, die innerhalb der Behandlung vollzogen werden.<\/p><p>Energy: Reinigung der K\u00f6rper<\/p><p>Opening: Bereitschaft in die Tiefe zu blicken<\/p><p>Nudging: Innere Anst\u00f6\u00dfe f\u00fcr neue Perspektiven und Handlungen<\/p><p>Healing: Herstellung der kosmischen Ordnung in allen Bereichen<\/p><p>Learning: Erkenntnis als Folge der Behandlung und deren Verinnerlichung und Umsetzung<\/p><p>Gespr\u00e4che und Meditationselemente runden die Sitzungen ab. \u00d6rtlich kann die Arbeit sowohl in Behandlungsr\u00e4umen als auch bei Ihnen zu Hause stattfinden; wenn die Umst\u00e4nde es erlauben auch an Ihrem externen Arbeitsplatz.<\/p><p>Grunds\u00e4tzlich besteht die M\u00f6glichkeit, eigene, selbstregulierende Techniken zu erlernen und sich somit gezielt die eigene Entwicklung zu steuern.<\/p><p>Aktivierung des eigenen Tones, dessen Wahrnehmung und allumf\u00e4ngliche Nutzung.<\/p><p>\u00a0Alle Menschen und alle Altersgruppen k\u00f6nnen sich diesem Selbstentwicklungs-Prozess stellen.<\/p><p>Alte Menschen, die dem Tod mit Angst entgegensehen, sind ganz besonders aufgefordert.<\/p><p>Der Prozess findet in der Regel in Einzelarbeit statt.<\/p><p>Prinzipiell versteht sich meine Arbeit als \u00fcberkonfessionell und wertsch\u00e4tzend jedem Lebewesen gegen\u00fcber.<\/p><p>Genie\u00dfen Sie als Resultat Ihr Leben in einem K\u00f6rper, in dem Sie sich wohlf\u00fchlen, eine Wohnung oder ein Haus, in dem Sie sich gerne aufhalten und auftanken k\u00f6nnen \u2013 und arbeiten Sie produktiv an einem Arbeitsplatz, an dem Sie Ihre Potenziale und Kreativit\u00e4t voll aussch\u00f6pfen und im Sinne Ihres Lebensziels einbringen k\u00f6nnen.<\/p><p>F\u00fcr weitere Informationen stehe ich Ihnen nat\u00fcrlich gerne zur Verf\u00fcgung. Sie erreichen mich telefonisch oder per E-Mail \u2013 und auf meiner Website finden Sie weitere Informationen zu meiner Arbeit und meinem Angebotsspektrum.<\/p><p>Ich freue mich auf Sie.<\/p><p>Ich freue mich auf Sie.<\/p><p>Herzlich Ihr Georg Behrens<\/p>\t\t\t\t\t\t\t\t<\/div>\n\t\t\t\t<\/div>\n\t\t\t\t<div class=\"elementor-element elementor-element-ca6ea28 elementor-widget elementor-widget-button\" data-id=\"ca6ea28\" data-element_type=\"widget\" data-e-type=\"widget\" data-widget_type=\"button.default\">\n\t\t\t\t<div class=\"elementor-widget-container\">\n\t\t\t\t\t\t\t\t\t<div class=\"elementor-button-wrapper\">\n\t\t\t\t\t<a class=\"elementor-button elementor-button-link elementor-size-sm\" href=\"https:\/\/constant-balance.com\/englische-version\/heiler-mensch\/\">\n\t\t\t\t\t\t<span class=\"elementor-button-content-wrapper\">\n\t\t\t\t\t\t\t\t\t<span class=\"elementor-button-text\">Zur\u00fcck zu den Wohlf\u00fchlbehandlungen<\/span>\n\t\t\t\t\t<\/span>\n\t\t\t\t\t<\/a>\n\t\t\t\t<\/div>\n\t\t\t\t\t\t\t\t<\/div>\n\t\t\t\t<\/div>\n\t\t\t\t\t<\/div>\n\t\t<\/div>\n\t\t\t\t\t<\/div>\n\t\t<\/section>\n\t\t\t\t<\/div>","protected":false},"excerpt":{"rendered":"<p>ENERGETISCHE TRANSFORMATION SALUTOGENESE Menschen sind in der Einheit aus K\u00f6rper, Geist und Seele st\u00e4ndig mit Herausforderungen konfrontiert, die unser Lebenssystem unbemerkt schw\u00e4chen. Dieses f\u00fchrt in der Folge zu k\u00f6rperlichem Unwohlsein und Stress. In der Folge hat dies tiefe Auswirkungen auf uns selbst, das pers\u00f6nliche Umfeld in unserem Haus, unserer Wohnung und am Arbeitsplatz, da wir [&hellip;]<\/p>","protected":false},"author":1,"featured_media":0,"parent":0,"menu_order":0,"comment_status":"closed","ping_status":"closed","template":"elementor_header_footer","meta":{"footnotes":""},"class_list":["post-7680","page","type-page","status-publish","hentry"],"_links":{"self":[{"href":"https:\/\/constant-balance.com\/englische-version\/wp-json\/wp\/v2\/pages\/7680","targetHints":{"allow":["GET"]}}],"collection":[{"href":"https:\/\/constant-balance.com\/englische-version\/wp-json\/wp\/v2\/pages"}],"about":[{"href":"https:\/\/constant-balance.com\/englische-version\/wp-json\/wp\/v2\/types\/page"}],"author":[{"embeddable":true,"href":"https:\/\/constant-balance.com\/englische-version\/wp-json\/wp\/v2\/users\/1"}],"replies":[{"embeddable":true,"href":"https:\/\/constant-balance.com\/englische-version\/wp-json\/wp\/v2\/comments?post=7680"}],"version-history":[{"count":17,"href":"https:\/\/constant-balance.com\/englische-version\/wp-json\/wp\/v2\/pages\/7680\/revisions"}],"predecessor-version":[{"id":7842,"href":"https:\/\/constant-balance.com\/englische-version\/wp-json\/wp\/v2\/pages\/7680\/revisions\/7842"}],"wp:attachment":[{"href":"https:\/\/constant-balance.com\/englische-version\/wp-json\/wp\/v2\/media?parent=7680"}],"curies":[{"name":"wp","href":"https:\/\/api.w.org\/{rel}","templated":true}]}}