{"id":7885,"date":"2025-05-24T11:51:20","date_gmt":"2025-05-24T09:51:20","guid":{"rendered":"https:\/\/constant-balance.com\/?page_id=7885"},"modified":"2025-05-25T14:02:09","modified_gmt":"2025-05-25T12:02:09","slug":"energie-behandlung","status":"publish","type":"page","link":"https:\/\/constant-balance.com\/englische-version\/energie-behandlung\/","title":{"rendered":"Energie Behandlung"},"content":{"rendered":"<div data-elementor-type=\"wp-page\" data-elementor-id=\"7885\" class=\"elementor elementor-7885\" data-elementor-post-type=\"page\">\n\t\t\t\t\t\t<section class=\"elementor-section elementor-top-section elementor-element elementor-element-bdc80a4 elementor-section-boxed elementor-section-height-default elementor-section-height-default\" data-id=\"bdc80a4\" data-element_type=\"section\" data-e-type=\"section\">\n\t\t\t\t\t\t<div class=\"elementor-container elementor-column-gap-default\">\n\t\t\t\t\t<div class=\"elementor-column elementor-col-100 elementor-top-column elementor-element elementor-element-273157e\" data-id=\"273157e\" data-element_type=\"column\" data-e-type=\"column\">\n\t\t\t<div class=\"elementor-widget-wrap elementor-element-populated\">\n\t\t\t\t\t\t<div class=\"elementor-element elementor-element-4fd477a elementor-widget elementor-widget-heading\" data-id=\"4fd477a\" data-element_type=\"widget\" data-e-type=\"widget\" data-widget_type=\"heading.default\">\n\t\t\t\t<div class=\"elementor-widget-container\">\n\t\t\t\t\t<h2 class=\"elementor-heading-title elementor-size-default\">Salutogenetische Energie-Behandlung<\/h2>\t\t\t\t<\/div>\n\t\t\t\t<\/div>\n\t\t\t\t<div class=\"elementor-element elementor-element-f3e41df elementor-widget elementor-widget-text-editor\" data-id=\"f3e41df\" data-element_type=\"widget\" data-e-type=\"widget\" data-widget_type=\"text-editor.default\">\n\t\t\t\t<div class=\"elementor-widget-container\">\n\t\t\t\t\t\t\t\t\t<p>Menschen stehen als Einheit aus K\u00f6rper, Geist und Seele st\u00e4ndig vor Herausforderungen. Diese schw\u00e4chen unser Lebenssystem unbemerkt und f\u00fchren zu k\u00f6rperlichem Unwohlsein sowie Stress. Dies hat tiefgreifende Auswirkungen auf uns selbst und unser pers\u00f6nliches Umfeld \u2013 sei es zu Hause, in der Wohnung oder am Arbeitsplatz. Dort hinterlassen wir permanent negative energetische Abdr\u00fccke, die Disharmonien schaffen.<br \/><br \/>Diese energetischen Abdr\u00fccke l\u00f6sen sich nicht von allein auf. Daher treten dieselben Disharmonien auch in neuen Lebens- und Arbeitsr\u00e4umen auf. Oft bemerken wir erst nach einiger Zeit, dass wir dort weder ausgeglichen noch produktiv sind, weil wir massiven Fremdenergien ausgesetzt sind.<br \/><br \/>In der gegenw\u00e4rtigen Situation des Lebens herrscht gro\u00dfe Unsicherheit in allen Bereichen. Dies f\u00fchrt zu einem Stresslevel, das Menschen an ihr Belastungslimit bringt.<br \/><br \/>Klares Denken ohne Angst wird blockiert; dadurch treffen wir Entscheidungen, die uns fehlleiten und sp\u00e4ter bereut werden.<br \/><br \/>Alle Ereignisse haben letztlich ihren Sinn: Sie sto\u00dfen Ver\u00e4nderungen und Transformationen in uns an. Wenn wir die Herausforderungen des Lebens annehmen, gewinnen wir innere Klarheit.<br \/><br \/>Meine Arbeit unterst\u00fctzt Sie dabei mithilfe der Salutogenetischen- Energie-Behandlung. Dadurch beschleunigen Sie diesen Weg. Es werden Kr\u00e4fte freigesetzt, die Ihre Gesundheit f\u00f6rdern und Ihr Energieniveau erh\u00f6hen (Salutogenese).<br \/><br \/>Was bewirkt die Salutogenetische Energie-Behandlung ?<br \/><br \/>Durch energetischen Ausgleich erlangen Sie Wohlbefinden zur\u00fcck.<br \/>Sie erfahren tiefe innere Ruhe.<br \/>Die Befreiung von negativem Gedankenabfall l\u00e4sst klare Beurteilung Ihrer Lebensumst\u00e4nde zu.<br \/>Sie erlangen Urvertrauen in sich selbst zur\u00fcck.<br \/>Schwierige Lebensumst\u00e4nde stabilisieren sich; pers\u00f6nliche Standfestigkeit w\u00e4chst.<br \/>Ihre Lebensfreude nimmt zu; damit auch Ihre positive Ausstrahlung.<br \/><br \/>Welche Methoden nutze ich f\u00fcr die Salutogenetische-Energiebehandlung?<br \/><br \/>Die Salutogenetische Energie-Behandlung umfasst mehrere Aspekte aus langj\u00e4hriger Arbeit mit Menschen und verschiedenen Raumsituationen. Ich nutze Methoden der K\u00f6rper-, Meditations- sowie Energiearbeit neben traditionellen wie neuartigen spirituellen Ans\u00e4tzen f\u00fcr individuelle Technik-Kombinationen zum besten Ergebnis f\u00fcr Sie. Ein elementarer Aspekt meiner Arbeit ist die bewusste Verbindung mit h\u00f6heren Bewusstseinsebenen.<br \/><br \/>F\u00fcnf Stufen der Transformation vollziehen sich w\u00e4hrend der Behandlung:<br \/><br \/>1) Energy: Reinigung des K\u00f6rpers<br \/>2) Opening: Bereitschaft zur Tiefenschau<br \/>3) Nudging: Innere Anst\u00f6\u00dfe f\u00fcr neue Perspektiven\/Handlungen<br \/>4) Healing: Herstellung kosmischer Ordnung \u00fcberall<br \/>5) Learning: Erkenntnis als Folge\/Verinnerlichung &amp; Umsetzung<br \/><br \/>Gespr\u00e4che\/Meditationselemente runden Sitzungen ab \u2013 sowohl \u00f6rtlich bei Ihnen daheim als auch extern am Arbeitsplatz m\u00f6glich.<br \/><br \/>Grunds\u00e4tzlich k\u00f6nnen eigene Techniken erlernt werden, um gezielt die Entwicklung selbst zu steuern:<br \/><br \/>Jeder kann diesen Selbstentwicklungsprozess durchlaufen \u2013 alle Altersgruppen!<br \/><br \/>\u00c4ltere Menschen sollten besonders teilnehmen wenn sie dem Tod \u00e4ngstlich entgegensehen!<br \/><br \/>Der Prozess findet in Einzelarbeit statt; meine Arbeit versteht sich \u00fcberkonfessionell\/wertsch\u00e4tzend jedem Lebewesen gegen\u00fcber!<br \/><br \/>Genie\u00dfen Sie ein Leben im wohlf\u00fchlenden K\u00f6rper! Wohnen\/Leben\/Arbeiten produktiv wo Potenziale\/Kreativit\u00e4t voll entfaltet werden k\u00f6nnen im Sinne Ihres Ziels!<br \/><br \/>F\u00fcr weitere Informationen kontaktieren mich gerne telefonisch\/per E-Mail! \u00a0<br \/><br \/>Ich freue mich auf Sie!<br \/><br \/>Herzlich Georg Behrens<\/p>\t\t\t\t\t\t\t\t<\/div>\n\t\t\t\t<\/div>\n\t\t\t\t\t<\/div>\n\t\t<\/div>\n\t\t\t\t\t<\/div>\n\t\t<\/section>\n\t\t\t\t<\/div>","protected":false},"excerpt":{"rendered":"<p>Salutogenetische Energie-Behandlung Menschen stehen als Einheit aus K\u00f6rper, Geist und Seele st\u00e4ndig vor Herausforderungen. Diese schw\u00e4chen unser Lebenssystem unbemerkt und f\u00fchren zu k\u00f6rperlichem Unwohlsein sowie Stress. Dies hat tiefgreifende Auswirkungen auf uns selbst und unser pers\u00f6nliches Umfeld \u2013 sei es zu Hause, in der Wohnung oder am Arbeitsplatz. Dort hinterlassen wir permanent negative energetische Abdr\u00fccke, [&hellip;]<\/p>","protected":false},"author":1,"featured_media":0,"parent":0,"menu_order":0,"comment_status":"closed","ping_status":"closed","template":"","meta":{"footnotes":""},"class_list":["post-7885","page","type-page","status-publish","hentry"],"_links":{"self":[{"href":"https:\/\/constant-balance.com\/englische-version\/wp-json\/wp\/v2\/pages\/7885","targetHints":{"allow":["GET"]}}],"collection":[{"href":"https:\/\/constant-balance.com\/englische-version\/wp-json\/wp\/v2\/pages"}],"about":[{"href":"https:\/\/constant-balance.com\/englische-version\/wp-json\/wp\/v2\/types\/page"}],"author":[{"embeddable":true,"href":"https:\/\/constant-balance.com\/englische-version\/wp-json\/wp\/v2\/users\/1"}],"replies":[{"embeddable":true,"href":"https:\/\/constant-balance.com\/englische-version\/wp-json\/wp\/v2\/comments?post=7885"}],"version-history":[{"count":16,"href":"https:\/\/constant-balance.com\/englische-version\/wp-json\/wp\/v2\/pages\/7885\/revisions"}],"predecessor-version":[{"id":8014,"href":"https:\/\/constant-balance.com\/englische-version\/wp-json\/wp\/v2\/pages\/7885\/revisions\/8014"}],"wp:attachment":[{"href":"https:\/\/constant-balance.com\/englische-version\/wp-json\/wp\/v2\/media?parent=7885"}],"curies":[{"name":"wp","href":"https:\/\/api.w.org\/{rel}","templated":true}]}}