{"id":7887,"date":"2025-05-24T11:51:40","date_gmt":"2025-05-24T09:51:40","guid":{"rendered":"https:\/\/constant-balance.com\/?page_id=7887"},"modified":"2025-05-25T14:20:40","modified_gmt":"2025-05-25T12:20:40","slug":"fussreflexzonenmassage-2","status":"publish","type":"page","link":"https:\/\/constant-balance.com\/englische-version\/fussreflexzonenmassage-2\/","title":{"rendered":"Fussreflexzonenmassage"},"content":{"rendered":"<div data-elementor-type=\"wp-page\" data-elementor-id=\"7887\" class=\"elementor elementor-7887\" data-elementor-post-type=\"page\">\n\t\t\t\t\t\t<section class=\"elementor-section elementor-top-section elementor-element elementor-element-74172d72 elementor-section-items-top elementor-section-height-full elementor-section-boxed elementor-section-height-default\" data-id=\"74172d72\" data-element_type=\"section\" data-e-type=\"section\">\n\t\t\t\t\t\t<div class=\"elementor-container elementor-column-gap-default\">\n\t\t\t\t\t<div class=\"elementor-column elementor-col-100 elementor-top-column elementor-element elementor-element-78b753eb\" data-id=\"78b753eb\" data-element_type=\"column\" data-e-type=\"column\">\n\t\t\t<div class=\"elementor-widget-wrap elementor-element-populated\">\n\t\t\t\t\t\t<div class=\"elementor-element elementor-element-c3e6638 elementor-widget elementor-widget-heading\" data-id=\"c3e6638\" data-element_type=\"widget\" data-e-type=\"widget\" data-widget_type=\"heading.default\">\n\t\t\t\t<div class=\"elementor-widget-container\">\n\t\t\t\t\t<h2 class=\"elementor-heading-title elementor-size-default\">Salutogenetische Fu\u00dfreflexzonenmassage<\/h2>\t\t\t\t<\/div>\n\t\t\t\t<\/div>\n\t\t\t\t<div class=\"elementor-element elementor-element-73e327bc elementor-widget elementor-widget-text-editor\" data-id=\"73e327bc\" data-element_type=\"widget\" data-e-type=\"widget\" data-widget_type=\"text-editor.default\">\n\t\t\t\t<div class=\"elementor-widget-container\">\n\t\t\t\t\t\t\t\t\t<p>Die salutogenetische Fu\u00dfreflexzonenbehandlung basiert auf dem Wissen, dass verschiedene Fu\u00dfbereiche mit speziellen Organen verbunden sind. Der gesamte K\u00f6rper spiegelt sich auf den F\u00fc\u00dfen wider, \u00e4hnlich einer Organlandkarte. Durch gezielten Daumendruck auf einzelne Reflexpunkte baut man Stress ab und setzt gestaute Energie frei. Giftstoffe werden ausgeschieden, und die Organe besser durchblutet. Die Selbstheilungskr\u00e4fte des K\u00f6rpers sowie das Immunsystem werden angeregt und gest\u00e4rkt.<br \/><br \/>Die Fu\u00dfreflexzonenmassage wirkt wohltuend auf K\u00f6rper, Geist und Seele. Sie reinigt, entspannt und st\u00e4rkt zugleich. Kreativit\u00e4t und Produktivit\u00e4t nehmen zu \u2013 ebenso Ihr Wohlgef\u00fchl.<\/p>\t\t\t\t\t\t\t\t<\/div>\n\t\t\t\t<\/div>\n\t\t\t\t\t<\/div>\n\t\t<\/div>\n\t\t\t\t\t<\/div>\n\t\t<\/section>\n\t\t\t\t<\/div>","protected":false},"excerpt":{"rendered":"<p>Salutogenetische Fu\u00dfreflexzonenmassage Die salutogenetische Fu\u00dfreflexzonenbehandlung basiert auf dem Wissen, dass verschiedene Fu\u00dfbereiche mit speziellen Organen verbunden sind. Der gesamte K\u00f6rper spiegelt sich auf den F\u00fc\u00dfen wider, \u00e4hnlich einer Organlandkarte. Durch gezielten Daumendruck auf einzelne Reflexpunkte baut man Stress ab und setzt gestaute Energie frei. Giftstoffe werden ausgeschieden, und die Organe besser durchblutet. Die Selbstheilungskr\u00e4fte des [&hellip;]<\/p>","protected":false},"author":1,"featured_media":0,"parent":0,"menu_order":0,"comment_status":"closed","ping_status":"closed","template":"","meta":{"footnotes":""},"class_list":["post-7887","page","type-page","status-publish","hentry"],"_links":{"self":[{"href":"https:\/\/constant-balance.com\/englische-version\/wp-json\/wp\/v2\/pages\/7887","targetHints":{"allow":["GET"]}}],"collection":[{"href":"https:\/\/constant-balance.com\/englische-version\/wp-json\/wp\/v2\/pages"}],"about":[{"href":"https:\/\/constant-balance.com\/englische-version\/wp-json\/wp\/v2\/types\/page"}],"author":[{"embeddable":true,"href":"https:\/\/constant-balance.com\/englische-version\/wp-json\/wp\/v2\/users\/1"}],"replies":[{"embeddable":true,"href":"https:\/\/constant-balance.com\/englische-version\/wp-json\/wp\/v2\/comments?post=7887"}],"version-history":[{"count":4,"href":"https:\/\/constant-balance.com\/englische-version\/wp-json\/wp\/v2\/pages\/7887\/revisions"}],"predecessor-version":[{"id":8034,"href":"https:\/\/constant-balance.com\/englische-version\/wp-json\/wp\/v2\/pages\/7887\/revisions\/8034"}],"wp:attachment":[{"href":"https:\/\/constant-balance.com\/englische-version\/wp-json\/wp\/v2\/media?parent=7887"}],"curies":[{"name":"wp","href":"https:\/\/api.w.org\/{rel}","templated":true}]}}