{"id":7895,"date":"2025-05-24T11:52:54","date_gmt":"2025-05-24T09:52:54","guid":{"rendered":"https:\/\/constant-balance.com\/?page_id=7895"},"modified":"2025-05-25T14:26:24","modified_gmt":"2025-05-25T12:26:24","slug":"feng-shui","status":"publish","type":"page","link":"https:\/\/constant-balance.com\/englische-version\/feng-shui\/","title":{"rendered":"Feng Shui"},"content":{"rendered":"<div data-elementor-type=\"wp-page\" data-elementor-id=\"7895\" class=\"elementor elementor-7895\" data-elementor-post-type=\"page\">\n\t\t\t\t\t\t<section class=\"elementor-section elementor-top-section elementor-element elementor-element-197d4e0e elementor-section-boxed elementor-section-height-default elementor-section-height-default\" data-id=\"197d4e0e\" data-element_type=\"section\" data-e-type=\"section\">\n\t\t\t\t\t\t<div class=\"elementor-container elementor-column-gap-default\">\n\t\t\t\t\t<div class=\"elementor-column elementor-col-100 elementor-top-column elementor-element elementor-element-3816a7a8\" data-id=\"3816a7a8\" data-element_type=\"column\" data-e-type=\"column\">\n\t\t\t<div class=\"elementor-widget-wrap elementor-element-populated\">\n\t\t\t\t\t\t<div class=\"elementor-element elementor-element-162b6485 elementor-widget elementor-widget-heading\" data-id=\"162b6485\" data-element_type=\"widget\" data-e-type=\"widget\" data-widget_type=\"heading.default\">\n\t\t\t\t<div class=\"elementor-widget-container\">\n\t\t\t\t\t<h2 class=\"elementor-heading-title elementor-size-default\">Salutogenetisches Feng Shui<\/h2>\t\t\t\t<\/div>\n\t\t\t\t<\/div>\n\t\t\t\t<div class=\"elementor-element elementor-element-67b7a1e4 elementor-widget elementor-widget-text-editor\" data-id=\"67b7a1e4\" data-element_type=\"widget\" data-e-type=\"widget\" data-widget_type=\"text-editor.default\">\n\t\t\t\t<div class=\"elementor-widget-container\">\n\t\t\t\t\t\t\t\t\t<p>Ein unbestimmtes, seltsames oder ungutes Gef\u00fchl in einem bestimmten Bereich der Wohnung oder des Arbeitsplatzes kann die Frage aufwerfen, was dort nicht stimmt.<br \/><br \/>Auch Konzentrations- oder Schlafst\u00f6rungen, Partnerschaftsprobleme und Lustlosigkeit bis hin zu Traurigkeitsgef\u00fchlen geben Anlass, einen Bereich oder eine Wohn- bzw. Arbeitseinheit genauer zu betrachten.<br \/><br \/><\/p><p>Wenn K\u00f6rper und Raum in st\u00e4ndiger Resonanz stehen, weil alles Energie ist, macht es Sinn festzustellen, dass auch jede Handlung eine Form von Energie darstellt. Das Tun ver\u00e4ndert Energien.<br \/><br \/>Ein Beispiel daf\u00fcr ist die sogenannte dicke Luft in R\u00e4umen voller Stress, Konflikt, Sorge oder Kummer. In solchen R\u00e4umen f\u00fchlt sich niemand wohl. Auch die dauerhafte Gegenwart von Menschen mit diesen Energien ist unangenehm.<br \/><br \/>Wenn jedoch die Energien eines Raumes harmonisch und flie\u00dfend sind, wandelt sich auch die Energie des Menschen dort. Man f\u00fchlt sich nicht nur wohl am Ort des Aufenthalts, sondern profitiert auch davon: durch eine positive Einstellung, Ausgeglichenheit und produktive Konzentration.<br \/><br \/>Genau dies bewirkt meine Arbeit vor Ort mit salutogenetischen Feng Shui. Ich befreie R\u00e4ume von energetischen Dissonanzen. Es ist wie das Entfernen jahrelang festgetretenen Schmutzes vom Boden bis das Parkett wieder strahlt. Ebenso l\u00fcfte ich den Dunst aus Stress und \u00c4ngsten unter der Decke aus dem Zimmer aus. Zuletzt leere ich noch \u00fcbervolle Alltagsm\u00fclleimer durch mentale Techniken und gesprochene Formeln. Damit verwandele ich diese R\u00e4ume mittels Salutogenetischem Feng Shui zu ausgeglichenen Kraftpl\u00e4tzen \u2013 ganz ohne M\u00f6belr\u00fccken.<br \/><br \/>Die energetische Arbeitsweise erm\u00f6glicht es mir jeden Ort zu behandeln und seine energetische Wirkung zu beeinflussen &#8211; sei es ein Kinderzimmer oder Hotelzimmer, Wohn- oder Schlafzimmer sowie Gro\u00dfraumb\u00fcros oder Praxen und Kanzleien. Auch Teilbereiche eines Hauses wie der Keller lassen sich harmonisieren.<br \/><br \/>Das Ziel besteht darin Orte zu schaffen an denen man gesch\u00fctzt lebt sowie konzentriert arbeitet &#8211; motiviert f\u00fcr sich selbst und erfolgreich f\u00fcr Kunden.<br \/><br \/>\u00a0<\/p><p><br \/>Energetisches Feng Shui \u2013 verwandelt und harmonisiert.<\/p>\t\t\t\t\t\t\t\t<\/div>\n\t\t\t\t<\/div>\n\t\t\t\t\t<\/div>\n\t\t<\/div>\n\t\t\t\t\t<\/div>\n\t\t<\/section>\n\t\t\t\t<\/div>","protected":false},"excerpt":{"rendered":"<p>Salutogenetisches Feng Shui Ein unbestimmtes, seltsames oder ungutes Gef\u00fchl in einem bestimmten Bereich der Wohnung oder des Arbeitsplatzes kann die Frage aufwerfen, was dort nicht stimmt. Auch Konzentrations- oder Schlafst\u00f6rungen, Partnerschaftsprobleme und Lustlosigkeit bis hin zu Traurigkeitsgef\u00fchlen geben Anlass, einen Bereich oder eine Wohn- bzw. Arbeitseinheit genauer zu betrachten. Wenn K\u00f6rper und Raum in st\u00e4ndiger [&hellip;]<\/p>","protected":false},"author":1,"featured_media":0,"parent":0,"menu_order":0,"comment_status":"closed","ping_status":"closed","template":"","meta":{"footnotes":""},"class_list":["post-7895","page","type-page","status-publish","hentry"],"_links":{"self":[{"href":"https:\/\/constant-balance.com\/englische-version\/wp-json\/wp\/v2\/pages\/7895","targetHints":{"allow":["GET"]}}],"collection":[{"href":"https:\/\/constant-balance.com\/englische-version\/wp-json\/wp\/v2\/pages"}],"about":[{"href":"https:\/\/constant-balance.com\/englische-version\/wp-json\/wp\/v2\/types\/page"}],"author":[{"embeddable":true,"href":"https:\/\/constant-balance.com\/englische-version\/wp-json\/wp\/v2\/users\/1"}],"replies":[{"embeddable":true,"href":"https:\/\/constant-balance.com\/englische-version\/wp-json\/wp\/v2\/comments?post=7895"}],"version-history":[{"count":7,"href":"https:\/\/constant-balance.com\/englische-version\/wp-json\/wp\/v2\/pages\/7895\/revisions"}],"predecessor-version":[{"id":8043,"href":"https:\/\/constant-balance.com\/englische-version\/wp-json\/wp\/v2\/pages\/7895\/revisions\/8043"}],"wp:attachment":[{"href":"https:\/\/constant-balance.com\/englische-version\/wp-json\/wp\/v2\/media?parent=7895"}],"curies":[{"name":"wp","href":"https:\/\/api.w.org\/{rel}","templated":true}]}}