{"id":7897,"date":"2025-05-24T11:53:10","date_gmt":"2025-05-24T09:53:10","guid":{"rendered":"https:\/\/constant-balance.com\/?page_id=7897"},"modified":"2025-05-25T14:10:56","modified_gmt":"2025-05-25T12:10:56","slug":"geistige-aufrichtung","status":"publish","type":"page","link":"https:\/\/constant-balance.com\/englische-version\/geistige-aufrichtung\/","title":{"rendered":"Geistige Aufrichtung"},"content":{"rendered":"<div data-elementor-type=\"wp-page\" data-elementor-id=\"7897\" class=\"elementor elementor-7897\" data-elementor-post-type=\"page\">\n\t\t\t\t\t\t<section class=\"elementor-section elementor-top-section elementor-element elementor-element-2df5ccdf elementor-section-boxed elementor-section-height-default elementor-section-height-default\" data-id=\"2df5ccdf\" data-element_type=\"section\" data-e-type=\"section\">\n\t\t\t\t\t\t<div class=\"elementor-container elementor-column-gap-default\">\n\t\t\t\t\t<div class=\"elementor-column elementor-col-100 elementor-top-column elementor-element elementor-element-6f6eb694\" data-id=\"6f6eb694\" data-element_type=\"column\" data-e-type=\"column\">\n\t\t\t<div class=\"elementor-widget-wrap elementor-element-populated\">\n\t\t\t\t\t\t<div class=\"elementor-element elementor-element-383ee132 elementor-widget elementor-widget-heading\" data-id=\"383ee132\" data-element_type=\"widget\" data-e-type=\"widget\" data-widget_type=\"heading.default\">\n\t\t\t\t<div class=\"elementor-widget-container\">\n\t\t\t\t\t<h2 class=\"elementor-heading-title elementor-size-default\">Geistige Wiederaufrichtung der Wirbels\u00e4ule<\/h2>\t\t\t\t<\/div>\n\t\t\t\t<\/div>\n\t\t\t\t<div class=\"elementor-element elementor-element-37b2210d elementor-widget elementor-widget-text-editor\" data-id=\"37b2210d\" data-element_type=\"widget\" data-e-type=\"widget\" data-widget_type=\"text-editor.default\">\n\t\t\t\t<div class=\"elementor-widget-container\">\n\t\t\t\t\t\t\t\t\t<p>Die Wirbels\u00e4ule verbindet \u00fcber das vegetative Nervensystem alle Organe, Chakren und feinstofflichen K\u00f6rper wie den Atmak\u00f6rper sowie den emotionalen und mentalen K\u00f6rper. Sie speichert s\u00e4mtliche seelischen Ereignisse und Erlebnisse in K\u00f6rper, Seele und Geist. Jede Emotion wie Angst, Stress oder Kummer hinterl\u00e4sst Spuren in Form von Blockaden oder Verdrehungen der Wirbelk\u00f6rper.<br \/><br \/>Diese gespeicherten negativen Emotionen k\u00f6nnen Krankheiten ausl\u00f6sen. Dazu geh\u00f6ren Migr\u00e4ne, Tinnitus, Sehst\u00f6rungen oder Lymphstau. Auch Herz-\/Kreislaufbeschwerden sowie Nervenerkrankungen k\u00f6nnen auftreten. Schmerzen im R\u00fcckenbereich sowie Beschwerden an HWS, Schulter oder Kiefergelenk sind ebenfalls m\u00f6glich. Knie-, H\u00fcft- und Fu\u00dfprobleme sowie Gleichgewichts-, Atmungs- und H\u00f6rst\u00f6rungen sind weitere Folgen.<br \/><br \/>Bei Schockerlebnissen kann die Wirbels\u00e4ule sich in Sekundenschnelle verdrehen und verschieben. Diese Ver\u00e4nderungen bleiben dauerhaft gespeichert. Depressionen, \u00c4ngste oder Glaubensmuster haben \u00e4hnliche Auswirkungen auf die Wirbel.<br \/><br \/>Ein Mensch ist dann nicht mehr aufrecht, sondern oft verkr\u00fcmmt.<br \/><br \/>DIE GEISTIGE WIEDERAUFRICHTUNG DER WIRBELS\u00c4ULE IST OFT DER SCHL\u00dcSSEL ZUR GANZHEITLICHEN HEILUNG UND EINE EFFEKTIVE METHODE ZUR BESEITIGUNG VON SEELISCHEN UND PHYSISCHEN PROBLEMEN.<br \/><br \/>Die Begradigung der verkr\u00fcmmten Wirbels\u00e4ule l\u00f6st gespeicherte Beschwerden in den Wirbeln auf eine entwicklungsf\u00f6rdernde Weise. Dies erweitert das Bewusstsein des Menschen und wirkt heilsam.<br \/><br \/>Vorbeugend kann man die geistige Aufrichtung der Wirbels\u00e4ule ebenfalls nutzen.<br \/><br \/>Sie sollten aktiv bei dieser umfassend wirksamen Aufrichtung mitwirken: \u00dcbernehmen Sie Verantwortung f\u00fcr Ihr Leben! Leben Sie authentisch! Sch\u00e4tzen Sie sich selbst! Sorgen Sie f\u00fcr eine gesunde Lebensweise!<br \/><br \/>Werden Sie sich bewusst: Ihre Gedanken, Gef\u00fchle und Worte gestalten Ihr Leben.<br \/><br \/>Ich unterst\u00fctze Sie dabei, Ihre Wirbels\u00e4ule aufzurichten sowie alte Blockaden zu l\u00f6sen \u2013 seelisch, geistig und k\u00f6rperlich \u2013 manchmal sogar blitzschnell!<\/p><p>Das Seminar ist \u00e4u\u00dferst praxisorientiert und sie werden durch st\u00e4ndiges \u00fcben, schnell mit der Methode vertraut.<br \/><br \/>Nur ein aufgerichteter Mensch ist gesund \u2013 er lebt ganzheitlich gut.<br \/>Und f\u00fchlt sich wohl.<\/p>\t\t\t\t\t\t\t\t<\/div>\n\t\t\t\t<\/div>\n\t\t\t\t\t<\/div>\n\t\t<\/div>\n\t\t\t\t\t<\/div>\n\t\t<\/section>\n\t\t\t\t<\/div>","protected":false},"excerpt":{"rendered":"<p>Geistige Wiederaufrichtung der Wirbels\u00e4ule Die Wirbels\u00e4ule verbindet \u00fcber das vegetative Nervensystem alle Organe, Chakren und feinstofflichen K\u00f6rper wie den Atmak\u00f6rper sowie den emotionalen und mentalen K\u00f6rper. Sie speichert s\u00e4mtliche seelischen Ereignisse und Erlebnisse in K\u00f6rper, Seele und Geist. Jede Emotion wie Angst, Stress oder Kummer hinterl\u00e4sst Spuren in Form von Blockaden oder Verdrehungen der Wirbelk\u00f6rper. [&hellip;]<\/p>","protected":false},"author":1,"featured_media":0,"parent":0,"menu_order":0,"comment_status":"closed","ping_status":"closed","template":"","meta":{"footnotes":""},"class_list":["post-7897","page","type-page","status-publish","hentry"],"_links":{"self":[{"href":"https:\/\/constant-balance.com\/englische-version\/wp-json\/wp\/v2\/pages\/7897","targetHints":{"allow":["GET"]}}],"collection":[{"href":"https:\/\/constant-balance.com\/englische-version\/wp-json\/wp\/v2\/pages"}],"about":[{"href":"https:\/\/constant-balance.com\/englische-version\/wp-json\/wp\/v2\/types\/page"}],"author":[{"embeddable":true,"href":"https:\/\/constant-balance.com\/englische-version\/wp-json\/wp\/v2\/users\/1"}],"replies":[{"embeddable":true,"href":"https:\/\/constant-balance.com\/englische-version\/wp-json\/wp\/v2\/comments?post=7897"}],"version-history":[{"count":4,"href":"https:\/\/constant-balance.com\/englische-version\/wp-json\/wp\/v2\/pages\/7897\/revisions"}],"predecessor-version":[{"id":8027,"href":"https:\/\/constant-balance.com\/englische-version\/wp-json\/wp\/v2\/pages\/7897\/revisions\/8027"}],"wp:attachment":[{"href":"https:\/\/constant-balance.com\/englische-version\/wp-json\/wp\/v2\/media?parent=7897"}],"curies":[{"name":"wp","href":"https:\/\/api.w.org\/{rel}","templated":true}]}}