{"id":7899,"date":"2025-05-24T11:53:25","date_gmt":"2025-05-24T09:53:25","guid":{"rendered":"https:\/\/constant-balance.com\/?page_id=7899"},"modified":"2025-05-25T14:27:45","modified_gmt":"2025-05-25T12:27:45","slug":"sai-shakti-healing","status":"publish","type":"page","link":"https:\/\/constant-balance.com\/englische-version\/sai-shakti-healing\/","title":{"rendered":"Sai Shakti Healing"},"content":{"rendered":"<div data-elementor-type=\"wp-page\" data-elementor-id=\"7899\" class=\"elementor elementor-7899\" data-elementor-post-type=\"page\">\n\t\t\t\t\t\t<section class=\"elementor-section elementor-top-section elementor-element elementor-element-1b82fda3 elementor-section-items-top elementor-section-height-full elementor-section-boxed elementor-section-height-default\" data-id=\"1b82fda3\" data-element_type=\"section\" data-e-type=\"section\">\n\t\t\t\t\t\t<div class=\"elementor-container elementor-column-gap-default\">\n\t\t\t\t\t<div class=\"elementor-column elementor-col-100 elementor-top-column elementor-element elementor-element-745ac61\" data-id=\"745ac61\" data-element_type=\"column\" data-e-type=\"column\">\n\t\t\t<div class=\"elementor-widget-wrap elementor-element-populated\">\n\t\t\t\t\t\t<div class=\"elementor-element elementor-element-735d7249 elementor-widget elementor-widget-heading\" data-id=\"735d7249\" data-element_type=\"widget\" data-e-type=\"widget\" data-widget_type=\"heading.default\">\n\t\t\t\t<div class=\"elementor-widget-container\">\n\t\t\t\t\t<h2 class=\"elementor-heading-title elementor-size-default\">Sai Shakti Healing<\/h2>\t\t\t\t<\/div>\n\t\t\t\t<\/div>\n\t\t\t\t<div class=\"elementor-element elementor-element-67f7a8ab elementor-widget elementor-widget-text-editor\" data-id=\"67f7a8ab\" data-element_type=\"widget\" data-e-type=\"widget\" data-widget_type=\"text-editor.default\">\n\t\t\t\t<div class=\"elementor-widget-container\">\n\t\t\t\t\t\t\t\t\t<p>Im alten vedischen Heilwissen hei\u00dft die Urkraft, also die spirituelle Energie, die wir zum Leben brauchen: Shakti. Sie wird in einer besonderen Heiltechnik geweckt und gest\u00e4rkt. Der indische Gelehrte Sri Sai Kaleshwar hat sie seine Sch\u00fcler gelehrt.<\/p><p>\u00a0<\/p><p>Beim Sai Shakti Healing ber\u00fchre ich sanft die wichtigsten Energiepunkte ihres K\u00f6rpers und \u00fcbertrage h\u00f6here Energie, die mit meiner Hilfe in Ihnen flie\u00dft, v\u00f6llig ungef\u00e4hrlich und sicher. Diese Heilweise wirkt auf allen Ebenen \u2013 geistig, emotional, seelisch und k\u00f6rperlich.<\/p><p>\u00a0<\/p><p>Die selbstheilungskr\u00e4fte werden aktiviert<\/p><p>\u00a0<\/p><p>\u00a0<\/p><p>Sai Shakti Healing hilft, innere Gelassenheit wiederzufinden. Unruhe, depressive Verstimmung, Schlaflosigkeit und Stress-Situationen werden gelindert. Oft finden Sie dadurch einfach Abstand zum Alltag und f\u00fchlen sich besser, sogar dauerhaft.<\/p><p>\u00a0<\/p><p>Das Seminar ist \u00e4u\u00dferst praxisorientiert und sie werden durch st\u00e4ndiges \u00fcben, schnell mit der Methode vertraut.<\/p>\t\t\t\t\t\t\t\t<\/div>\n\t\t\t\t<\/div>\n\t\t\t\t\t<\/div>\n\t\t<\/div>\n\t\t\t\t\t<\/div>\n\t\t<\/section>\n\t\t\t\t<\/div>","protected":false},"excerpt":{"rendered":"<p>Sai Shakti Healing Im alten vedischen Heilwissen hei\u00dft die Urkraft, also die spirituelle Energie, die wir zum Leben brauchen: Shakti. Sie wird in einer besonderen Heiltechnik geweckt und gest\u00e4rkt. Der indische Gelehrte Sri Sai Kaleshwar hat sie seine Sch\u00fcler gelehrt. \u00a0 Beim Sai Shakti Healing ber\u00fchre ich sanft die wichtigsten Energiepunkte ihres K\u00f6rpers und \u00fcbertrage [&hellip;]<\/p>","protected":false},"author":1,"featured_media":0,"parent":0,"menu_order":0,"comment_status":"closed","ping_status":"closed","template":"","meta":{"footnotes":""},"class_list":["post-7899","page","type-page","status-publish","hentry"],"_links":{"self":[{"href":"https:\/\/constant-balance.com\/englische-version\/wp-json\/wp\/v2\/pages\/7899","targetHints":{"allow":["GET"]}}],"collection":[{"href":"https:\/\/constant-balance.com\/englische-version\/wp-json\/wp\/v2\/pages"}],"about":[{"href":"https:\/\/constant-balance.com\/englische-version\/wp-json\/wp\/v2\/types\/page"}],"author":[{"embeddable":true,"href":"https:\/\/constant-balance.com\/englische-version\/wp-json\/wp\/v2\/users\/1"}],"replies":[{"embeddable":true,"href":"https:\/\/constant-balance.com\/englische-version\/wp-json\/wp\/v2\/comments?post=7899"}],"version-history":[{"count":4,"href":"https:\/\/constant-balance.com\/englische-version\/wp-json\/wp\/v2\/pages\/7899\/revisions"}],"predecessor-version":[{"id":8046,"href":"https:\/\/constant-balance.com\/englische-version\/wp-json\/wp\/v2\/pages\/7899\/revisions\/8046"}],"wp:attachment":[{"href":"https:\/\/constant-balance.com\/englische-version\/wp-json\/wp\/v2\/media?parent=7899"}],"curies":[{"name":"wp","href":"https:\/\/api.w.org\/{rel}","templated":true}]}}