{"id":7923,"date":"2025-05-25T12:55:21","date_gmt":"2025-05-25T10:55:21","guid":{"rendered":"https:\/\/constant-balance.com\/?page_id=7923"},"modified":"2025-06-27T12:49:20","modified_gmt":"2025-06-27T10:49:20","slug":"home","status":"publish","type":"page","link":"https:\/\/constant-balance.com\/englische-version\/","title":{"rendered":"Home"},"content":{"rendered":"<div data-elementor-type=\"wp-page\" data-elementor-id=\"7923\" class=\"elementor elementor-7923\" data-elementor-post-type=\"page\">\n\t\t\t\t\t\t<section class=\"elementor-section elementor-top-section elementor-element elementor-element-04d8f08 elementor-section-height-min-height elementor-section-boxed elementor-section-height-default elementor-section-items-middle\" data-id=\"04d8f08\" data-element_type=\"section\" data-e-type=\"section\">\n\t\t\t\t\t\t<div class=\"elementor-container elementor-column-gap-default\">\n\t\t\t\t\t<div class=\"elementor-column elementor-col-100 elementor-top-column elementor-element elementor-element-0af072a\" data-id=\"0af072a\" data-element_type=\"column\" data-e-type=\"column\">\n\t\t\t<div class=\"elementor-widget-wrap elementor-element-populated\">\n\t\t\t\t\t\t<div class=\"elementor-element elementor-element-2917679 animated-slow elementor-invisible elementor-widget elementor-widget-heading\" data-id=\"2917679\" data-element_type=\"widget\" data-e-type=\"widget\" data-settings=\"{&quot;_animation&quot;:&quot;fadeInUp&quot;}\" data-widget_type=\"heading.default\">\n\t\t\t\t<div class=\"elementor-widget-container\">\n\t\t\t\t\t<h2 class=\"elementor-heading-title elementor-size-default\">constant balance<\/h2>\t\t\t\t<\/div>\n\t\t\t\t<\/div>\n\t\t\t\t<div class=\"elementor-element elementor-element-5825e7b animated-slow elementor-invisible elementor-widget elementor-widget-text-editor\" data-id=\"5825e7b\" data-element_type=\"widget\" data-e-type=\"widget\" data-settings=\"{&quot;_animation&quot;:&quot;fadeIn&quot;,&quot;_animation_delay&quot;:500}\" data-widget_type=\"text-editor.default\">\n\t\t\t\t<div class=\"elementor-widget-container\">\n\t\t\t\t\t\t\t\t\t<p>Salutogenetische Behandlungen<\/p>\t\t\t\t\t\t\t\t<\/div>\n\t\t\t\t<\/div>\n\t\t\t\t\t<\/div>\n\t\t<\/div>\n\t\t\t\t\t<\/div>\n\t\t<\/section>\n\t\t\t\t<section class=\"elementor-section elementor-top-section elementor-element elementor-element-a8ea383 elementor-section-height-min-height elementor-section-content-middle elementor-section-boxed elementor-section-height-default elementor-section-items-middle\" data-id=\"a8ea383\" data-element_type=\"section\" data-e-type=\"section\" data-settings=\"{&quot;background_background&quot;:&quot;classic&quot;}\">\n\t\t\t\t\t\t<div class=\"elementor-container elementor-column-gap-default\">\n\t\t\t\t\t<div class=\"elementor-column elementor-col-100 elementor-top-column elementor-element elementor-element-78e1431\" data-id=\"78e1431\" data-element_type=\"column\" data-e-type=\"column\">\n\t\t\t<div class=\"elementor-widget-wrap elementor-element-populated\">\n\t\t\t\t\t\t<div class=\"elementor-element elementor-element-7735b13 animated-slow elementor-invisible elementor-widget elementor-widget-text-editor\" data-id=\"7735b13\" data-element_type=\"widget\" data-e-type=\"widget\" data-settings=\"{&quot;_animation&quot;:&quot;fadeIn&quot;}\" data-widget_type=\"text-editor.default\">\n\t\t\t\t<div class=\"elementor-widget-container\">\n\t\t\t\t\t\t\t\t\tWohlgef\u00fchl, das bleibt.\t\t\t\t\t\t\t\t<\/div>\n\t\t\t\t<\/div>\n\t\t\t\t\t<\/div>\n\t\t<\/div>\n\t\t\t\t\t<\/div>\n\t\t<\/section>\n\t\t\t\t<section class=\"elementor-section elementor-top-section elementor-element elementor-element-bebbc1b elementor-section-height-min-height elementor-section-boxed elementor-section-height-default elementor-section-items-middle\" data-id=\"bebbc1b\" data-element_type=\"section\" data-e-type=\"section\">\n\t\t\t\t\t\t<div class=\"elementor-container elementor-column-gap-default\">\n\t\t\t\t\t<div class=\"elementor-column elementor-col-100 elementor-top-column elementor-element elementor-element-d6f2f4b\" data-id=\"d6f2f4b\" data-element_type=\"column\" data-e-type=\"column\">\n\t\t\t<div class=\"elementor-widget-wrap elementor-element-populated\">\n\t\t\t\t\t\t<div class=\"elementor-element elementor-element-7c55002 animated-slow elementor-invisible elementor-widget elementor-widget-heading\" data-id=\"7c55002\" data-element_type=\"widget\" data-e-type=\"widget\" data-settings=\"{&quot;_animation&quot;:&quot;fadeIn&quot;}\" data-widget_type=\"heading.default\">\n\t\t\t\t<div class=\"elementor-widget-container\">\n\t\t\t\t\t<h2 class=\"elementor-heading-title elementor-size-default\">Constant balance - Salutogenese<\/h2>\t\t\t\t<\/div>\n\t\t\t\t<\/div>\n\t\t\t\t<div class=\"elementor-element elementor-element-6a35937 animated-slow elementor-invisible elementor-widget elementor-widget-text-editor\" data-id=\"6a35937\" data-element_type=\"widget\" data-e-type=\"widget\" data-settings=\"{&quot;_animation&quot;:&quot;fadeIn&quot;,&quot;_animation_delay&quot;:1000}\" data-widget_type=\"text-editor.default\">\n\t\t\t\t<div class=\"elementor-widget-container\">\n\t\t\t\t\t\t\t\t\tDer Begriff \u201eSalutogenese\u201c bezieht sich auf das Konzept, wie Gesundheit entsteht, anstatt sich nur mit der Entstehung von Krankheit zu besch\u00e4ftigen. Er wurde von Aaron Antonovsky gepr\u00e4gt und hebt hervor, dass ein Gleichgewicht zwischen den verschiedenen Aspekten des Lebens zu einem langfristigen Wohlbefinden f\u00fchrt.\n\u201eConstant-Balance\u201c oder \u201est\u00e4ndige Balance\u201c bedeutet, dass eine fortw\u00e4hrende, dynamische Balance zwischen den verschiedenen Faktoren, die das Leben beeinflussen- k\u00f6rperliche Gesundheit, mentale St\u00e4rke, soziale Verbindungen und das pers\u00f6nliche Umfeld- erforderlich ist, um ein dauerhaftes Wohlgef\u00fchl zu erreichen.\nIn diesem Kontext w\u00fcrde \u201etats\u00e4chliches Wohlgef\u00fchl, das bleibt\u201c durch die F\u00f6rderung dieser Balance erreicht. Es geht nicht nur um den kurzfristigen Genuss oder das Vermeiden von Stress, sondern um die F\u00e4higkeit, auf Herausforderungen resilient zu reagieren und ein erf\u00fclltes Leben zu f\u00fchren, das sowohl auf Wohlbefinden als auch auf Stabilit\u00e4t ausgerichtet ist. Diese Balance unterst\u00fctzt die langfristige Gesundheit und hilft dabei, ein konstantes Gef\u00fchl von Wohlbefinden zu bewahren.\n\t\t\t\t\t\t\t\t<\/div>\n\t\t\t\t<\/div>\n\t\t\t\t\t<\/div>\n\t\t<\/div>\n\t\t\t\t\t<\/div>\n\t\t<\/section>\n\t\t\t\t<section class=\"elementor-section elementor-top-section elementor-element elementor-element-2022822 elementor-section-height-min-height elementor-section-content-middle elementor-section-boxed elementor-section-height-default elementor-section-items-middle\" data-id=\"2022822\" data-element_type=\"section\" data-e-type=\"section\" data-settings=\"{&quot;background_background&quot;:&quot;classic&quot;}\">\n\t\t\t\t\t\t<div class=\"elementor-container elementor-column-gap-default\">\n\t\t\t\t\t<div class=\"elementor-column elementor-col-100 elementor-top-column elementor-element elementor-element-25aad8e animated-slow elementor-invisible\" data-id=\"25aad8e\" data-element_type=\"column\" data-e-type=\"column\" data-settings=\"{&quot;animation&quot;:&quot;fadeIn&quot;}\">\n\t\t\t<div class=\"elementor-widget-wrap elementor-element-populated\">\n\t\t\t\t\t\t<div class=\"elementor-element elementor-element-29e1025 elementor-widget elementor-widget-text-editor\" data-id=\"29e1025\" data-element_type=\"widget\" data-e-type=\"widget\" data-widget_type=\"text-editor.default\">\n\t\t\t\t<div class=\"elementor-widget-container\">\n\t\t\t\t\t\t\t\t\tIm Wohlgef\u00fchl und voller Energie zu leben, das w\u00fcnschen wir uns alle.\t\t\t\t\t\t\t\t<\/div>\n\t\t\t\t<\/div>\n\t\t\t\t<div class=\"elementor-element elementor-element-9d31f46 elementor-widget elementor-widget-text-editor\" data-id=\"9d31f46\" data-element_type=\"widget\" data-e-type=\"widget\" data-widget_type=\"text-editor.default\">\n\t\t\t\t<div class=\"elementor-widget-container\">\n\t\t\t\t\t\t\t\t\tMeine Angebote f\u00fcr K\u00f6rper, Geist und Seele er\u00f6ffnen Ihren pers\u00f6nlichen Weg dorthin. Pflegende und heilsame behandlungen lassen Sie Ihr Wohlgef\u00fchl und Ihre Energie entdecken. Dauerhaft. Durch meine \u00fcber 30j\u00e4hrige Erfahrung.\t\t\t\t\t\t\t\t<\/div>\n\t\t\t\t<\/div>\n\t\t\t\t<div class=\"elementor-element elementor-element-9c29d23 elementor-widget elementor-widget-text-editor\" data-id=\"9c29d23\" data-element_type=\"widget\" data-e-type=\"widget\" data-widget_type=\"text-editor.default\">\n\t\t\t\t<div class=\"elementor-widget-container\">\n\t\t\t\t\t\t\t\t\tGeorg Behrens\t\t\t\t\t\t\t\t<\/div>\n\t\t\t\t<\/div>\n\t\t\t\t\t<\/div>\n\t\t<\/div>\n\t\t\t\t\t<\/div>\n\t\t<\/section>\n\t\t\t\t<section class=\"elementor-section elementor-top-section elementor-element elementor-element-4e3ae5b5 elementor-section-content-middle elementor-section-boxed elementor-section-height-default elementor-section-height-default\" data-id=\"4e3ae5b5\" data-element_type=\"section\" data-e-type=\"section\" id=\"kontakt\">\n\t\t\t\t\t\t<div class=\"elementor-container elementor-column-gap-no\">\n\t\t\t\t\t<div class=\"elementor-column elementor-col-50 elementor-top-column elementor-element elementor-element-7b94f379\" data-id=\"7b94f379\" data-element_type=\"column\" data-e-type=\"column\">\n\t\t\t<div class=\"elementor-widget-wrap elementor-element-populated\">\n\t\t\t\t\t\t<div class=\"elementor-element elementor-element-3f3522ca elementor-widget elementor-widget-heading\" data-id=\"3f3522ca\" data-element_type=\"widget\" data-e-type=\"widget\" data-widget_type=\"heading.default\">\n\t\t\t\t<div class=\"elementor-widget-container\">\n\t\t\t\t\t<h3 class=\"elementor-heading-title elementor-size-default\">Kontakt<\/h3>\t\t\t\t<\/div>\n\t\t\t\t<\/div>\n\t\t\t\t<div class=\"elementor-element elementor-element-d1ce8d7 elementor-widget-divider--view-line elementor-widget elementor-widget-divider\" data-id=\"d1ce8d7\" data-element_type=\"widget\" data-e-type=\"widget\" data-widget_type=\"divider.default\">\n\t\t\t\t<div class=\"elementor-widget-container\">\n\t\t\t\t\t\t\t<div class=\"elementor-divider\">\n\t\t\t<span class=\"elementor-divider-separator\">\n\t\t\t\t\t\t<\/span>\n\t\t<\/div>\n\t\t\t\t\t\t<\/div>\n\t\t\t\t<\/div>\n\t\t\t\t<div class=\"elementor-element elementor-element-ea18543 elementor-button-align-stretch elementor-widget elementor-widget-form\" data-id=\"ea18543\" data-element_type=\"widget\" data-e-type=\"widget\" data-settings=\"{&quot;step_next_label&quot;:&quot;N\\u00e4chster&quot;,&quot;step_previous_label&quot;:&quot;Voriger&quot;,&quot;button_width&quot;:&quot;100&quot;,&quot;step_type&quot;:&quot;number_text&quot;,&quot;step_icon_shape&quot;:&quot;circle&quot;}\" data-widget_type=\"form.default\">\n\t\t\t\t<div class=\"elementor-widget-container\">\n\t\t\t\t\t\t\t<form class=\"elementor-form\" method=\"post\" name=\"New Form\" aria-label=\"New Form\" action=\"\">\n\t\t\t<input type=\"hidden\" name=\"post_id\" value=\"7923\"\/>\n\t\t\t<input type=\"hidden\" name=\"form_id\" value=\"ea18543\"\/>\n\t\t\t<input type=\"hidden\" name=\"referer_title\" value=\"Home - constant balance\" \/>\n\n\t\t\t\t\t\t\t<input type=\"hidden\" name=\"queried_id\" value=\"7923\"\/>\n\t\t\t\n\t\t\t<div class=\"elementor-form-fields-wrapper elementor-labels-\">\n\t\t\t\t\t\t\t\t<div class=\"elementor-field-type-text elementor-field-group elementor-column elementor-field-group-name elementor-col-50 elementor-field-required\">\n\t\t\t\t\t\t\t\t\t\t\t\t<label for=\"form-field-name\" class=\"elementor-field-label elementor-screen-only\">\n\t\t\t\t\t\t\t\tVorname\t\t\t\t\t\t\t<\/label>\n\t\t\t\t\t\t\t\t\t\t\t\t\t\t<input size=\"1\" type=\"text\" name=\"form_fields[name]\" id=\"form-field-name\" class=\"elementor-field elementor-size-sm  elementor-field-textual\" placeholder=\"Vorname\" required=\"required\">\n\t\t\t\t\t\t\t\t\t\t\t<\/div>\n\t\t\t\t\t\t\t\t<div class=\"elementor-field-type-text elementor-field-group elementor-column elementor-field-group-field_545bedc elementor-col-50 elementor-field-required\">\n\t\t\t\t\t\t\t\t\t\t\t\t<label for=\"form-field-field_545bedc\" class=\"elementor-field-label elementor-screen-only\">\n\t\t\t\t\t\t\t\tNachname\t\t\t\t\t\t\t<\/label>\n\t\t\t\t\t\t\t\t\t\t\t\t\t\t<input size=\"1\" type=\"text\" name=\"form_fields[field_545bedc]\" id=\"form-field-field_545bedc\" class=\"elementor-field elementor-size-sm  elementor-field-textual\" placeholder=\"Nachname\" required=\"required\">\n\t\t\t\t\t\t\t\t\t\t\t<\/div>\n\t\t\t\t\t\t\t\t<div class=\"elementor-field-type-email elementor-field-group elementor-column elementor-field-group-email elementor-col-100 elementor-field-required\">\n\t\t\t\t\t\t\t\t\t\t\t\t<label for=\"form-field-email\" class=\"elementor-field-label elementor-screen-only\">\n\t\t\t\t\t\t\t\tEmail\t\t\t\t\t\t\t<\/label>\n\t\t\t\t\t\t\t\t\t\t\t\t\t\t<input size=\"1\" type=\"email\" name=\"form_fields[email]\" id=\"form-field-email\" class=\"elementor-field elementor-size-sm  elementor-field-textual\" placeholder=\"E-Mail\" required=\"required\">\n\t\t\t\t\t\t\t\t\t\t\t<\/div>\n\t\t\t\t\t\t\t\t<div class=\"elementor-field-type-tel elementor-field-group elementor-column elementor-field-group-field_3381c33 elementor-col-100\">\n\t\t\t\t\t\t\t\t\t\t\t\t<label for=\"form-field-field_3381c33\" class=\"elementor-field-label elementor-screen-only\">\n\t\t\t\t\t\t\t\tTelefon\t\t\t\t\t\t\t<\/label>\n\t\t\t\t\t\t\t\t<input size=\"1\" type=\"tel\" name=\"form_fields[field_3381c33]\" id=\"form-field-field_3381c33\" class=\"elementor-field elementor-size-sm  elementor-field-textual\" placeholder=\"Telefon\" pattern=\"[0-9()#&amp;+*-=.]+\" title=\"Nur Nummern oder Telefon-Zeichen (#, -, *, etc) werden akzeptiert.\">\n\n\t\t\t\t\t\t<\/div>\n\t\t\t\t\t\t\t\t<div class=\"elementor-field-type-select elementor-field-group elementor-column elementor-field-group-field_4fb58a2 elementor-col-100 elementor-field-required\">\n\t\t\t\t\t\t\t\t\t\t\t\t<label for=\"form-field-field_4fb58a2\" class=\"elementor-field-label elementor-screen-only\">\n\t\t\t\t\t\t\t\tAuswahl\t\t\t\t\t\t\t<\/label>\n\t\t\t\t\t\t\t\t<div class=\"elementor-field elementor-select-wrapper remove-before\">\n\t\t\t<div class=\"select-caret-down-wrapper\">\n\t\t\t\t<i aria-hidden=\"true\" class=\"eicon-caret-down\"><\/i>\t\t\t<\/div>\n\t\t\t<select name=\"form_fields[field_4fb58a2]\" id=\"form-field-field_4fb58a2\" class=\"elementor-field-textual elementor-size-sm\" required=\"required\">\n\t\t\t\t\t\t\t\t\t<option value=\"Allgemeine Anfrage\">Allgemeine Anfrage<\/option>\n\t\t\t\t\t\t\t\t\t<option value=\"Salutogenetische Energie-Behandlung\">Salutogenetische Energie-Behandlung<\/option>\n\t\t\t\t\t\t\t\t\t<option value=\"Salutogenetische Fussreflexzonenmassage\">Salutogenetische Fussreflexzonenmassage<\/option>\n\t\t\t\t\t\t\t\t\t<option value=\"Salutogenetische Massage mit hei\u00dfen Steinen\">Salutogenetische Massage mit hei\u00dfen Steinen<\/option>\n\t\t\t\t\t\t\t\t\t<option value=\"Salutogenetische Fu\u00dfpflege-Behandlung\">Salutogenetische Fu\u00dfpflege-Behandlung<\/option>\n\t\t\t\t\t\t\t\t\t<option value=\"Salutogenetisches Profiling\">Salutogenetisches Profiling<\/option>\n\t\t\t\t\t\t\t\t\t<option value=\"Salutogenetisches Feng Shui\">Salutogenetisches Feng Shui<\/option>\n\t\t\t\t\t\t\t\t\t<option value=\"Seminar: Geistige Aufrichtung\">Seminar: Geistige Aufrichtung<\/option>\n\t\t\t\t\t\t\t\t\t<option value=\"Seminar: Sai Shakti Healing\">Seminar: Sai Shakti Healing<\/option>\n\t\t\t\t\t\t\t\t\t<option value=\"Seminar: Massage mit hei\u00dfen Steinen\">Seminar: Massage mit hei\u00dfen Steinen<\/option>\n\t\t\t\t\t\t\t\t\t<option value=\"Seminar: Russisch-Tibetische-Honigmassage\">Seminar: Russisch-Tibetische-Honigmassage<\/option>\n\t\t\t\t\t\t\t\t\t<option value=\"Seminar Lichts\u00e4ule (Meditation)\">Seminar Lichts\u00e4ule (Meditation)<\/option>\n\t\t\t\t\t\t\t<\/select>\n\t\t<\/div>\n\t\t\t\t\t\t<\/div>\n\t\t\t\t\t\t\t\t<div class=\"elementor-field-type-textarea elementor-field-group elementor-column elementor-field-group-message elementor-col-100\">\n\t\t\t\t\t\t\t\t\t\t\t\t<label for=\"form-field-message\" class=\"elementor-field-label elementor-screen-only\">\n\t\t\t\t\t\t\t\tNachricht\t\t\t\t\t\t\t<\/label>\n\t\t\t\t\t\t<textarea class=\"elementor-field-textual elementor-field  elementor-size-sm\" name=\"form_fields[message]\" id=\"form-field-message\" rows=\"4\" placeholder=\"Ihre Nachricht\"><\/textarea>\t\t\t\t<\/div>\n\t\t\t\t\t\t\t\t<div class=\"elementor-field-group elementor-column elementor-field-type-submit elementor-col-100 e-form__buttons\">\n\t\t\t\t\t<button class=\"elementor-button elementor-size-md\" type=\"submit\">\n\t\t\t\t\t\t<span class=\"elementor-button-content-wrapper\">\n\t\t\t\t\t\t\t\t\t\t\t\t\t\t\t\t\t\t\t\t\t\t<span class=\"elementor-button-text\">Absenden<\/span>\n\t\t\t\t\t\t\t\t\t\t\t\t\t<\/span>\n\t\t\t\t\t<\/button>\n\t\t\t\t<\/div>\n\t\t\t<\/div>\n\t\t<input type=\"hidden\" name=\"trp-form-language\" value=\"englische-version\"\/><\/form>\n\t\t\t\t\t\t<\/div>\n\t\t\t\t<\/div>\n\t\t\t\t\t<\/div>\n\t\t<\/div>\n\t\t\t\t<div class=\"elementor-column elementor-col-50 elementor-top-column elementor-element elementor-element-5d56813d\" data-id=\"5d56813d\" data-element_type=\"column\" data-e-type=\"column\">\n\t\t\t<div class=\"elementor-widget-wrap elementor-element-populated\">\n\t\t\t\t\t\t<div class=\"elementor-element elementor-element-6f550ed elementor-widget elementor-widget-image\" data-id=\"6f550ed\" data-element_type=\"widget\" data-e-type=\"widget\" data-widget_type=\"image.default\">\n\t\t\t\t<div class=\"elementor-widget-container\">\n\t\t\t\t\t\t\t\t\t\t\t\t\t\t\t<img fetchpriority=\"high\" decoding=\"async\" width=\"800\" height=\"657\" src=\"https:\/\/constant-balance.com\/wp-content\/uploads\/2022\/11\/Georg.jpg\" class=\"attachment-large size-large wp-image-7785\" alt=\"\" srcset=\"https:\/\/constant-balance.com\/wp-content\/uploads\/2022\/11\/Georg.jpg 900w, https:\/\/constant-balance.com\/wp-content\/uploads\/2022\/11\/Georg-300x246.jpg 300w, https:\/\/constant-balance.com\/wp-content\/uploads\/2022\/11\/Georg-768x631.jpg 768w\" sizes=\"(max-width: 800px) 100vw, 800px\" \/>\t\t\t\t\t\t\t\t\t\t\t\t\t\t\t<\/div>\n\t\t\t\t<\/div>\n\t\t\t\t<div class=\"elementor-element elementor-element-e144688 elementor-widget elementor-widget-text-editor\" data-id=\"e144688\" data-element_type=\"widget\" data-e-type=\"widget\" data-widget_type=\"text-editor.default\">\n\t\t\t\t<div class=\"elementor-widget-container\">\n\t\t\t\t\t\t\t\t\t<p>Ich freue mich darauf, Sie kennenzulernen.<\/p>\t\t\t\t\t\t\t\t<\/div>\n\t\t\t\t<\/div>\n\t\t\t\t\t<\/div>\n\t\t<\/div>\n\t\t\t\t\t<\/div>\n\t\t<\/section>\n\t\t\t\t<section class=\"elementor-section elementor-top-section elementor-element elementor-element-1b54156 elementor-section-height-min-height elementor-section-boxed elementor-section-height-default elementor-section-items-middle\" data-id=\"1b54156\" data-element_type=\"section\" data-e-type=\"section\">\n\t\t\t\t\t\t<div class=\"elementor-container elementor-column-gap-default\">\n\t\t\t\t\t<div class=\"elementor-column elementor-col-100 elementor-top-column elementor-element elementor-element-c3daa20\" data-id=\"c3daa20\" data-element_type=\"column\" data-e-type=\"column\">\n\t\t\t<div class=\"elementor-widget-wrap elementor-element-populated\">\n\t\t\t\t\t\t<div class=\"elementor-element elementor-element-4172311 elementor-widget elementor-widget-heading\" data-id=\"4172311\" data-element_type=\"widget\" data-e-type=\"widget\" data-widget_type=\"heading.default\">\n\t\t\t\t<div class=\"elementor-widget-container\">\n\t\t\t\t\t<h3 class=\"elementor-heading-title elementor-size-default\">Disclaimer<\/h3>\t\t\t\t<\/div>\n\t\t\t\t<\/div>\n\t\t\t\t<div class=\"elementor-element elementor-element-2023a81 animated-slow elementor-widget elementor-widget-text-editor\" data-id=\"2023a81\" data-element_type=\"widget\" data-e-type=\"widget\" data-settings=\"{&quot;_animation&quot;:&quot;none&quot;,&quot;_animation_delay&quot;:1000}\" data-widget_type=\"text-editor.default\">\n\t\t\t\t<div class=\"elementor-widget-container\">\n\t\t\t\t\t\t\t\t\t<p>Ich bin weder Arzt noch Heilpraktiker. Deshalb stelle ich keine Diagnosen. Wenn hier von \u201abehandeln und heilen\u2018 die Rede ist, basiert dies auf Geistigem Heilen. Geistiges Heilen ist keine Arbeit im \u00e4rztlichen Sinn, sondern ein spiritueller Vorgang. Es ist eine der \u00e4ltesten und erfolgreichsten Heilweisen der Menschheit. Seit dem 2.3.2004 ist es auch endlich \u2013 durch ein Urteil des Bundesverfassungsgerichts \u2013 rechtlich anerkannt. Meine begleitende Hilfe ist nicht, physische Krankheitssymptome unmittelbar zu beeinflussen und zu ver\u00e4ndern, sondern deren geistig-seelische Ursachen\/Blockaden energetisch auszubalancieren. Die Behandlungen dienen dazu, die k\u00f6rpereigenen Selbstheilungskr\u00e4fte anzuregen und zu befreien, sodass eine dauerhafte, ganzheitliche Heilung des jeweiligen Menschen auf einfache und nat\u00fcrliche Weise erm\u00f6glicht wird. Meine Anwendungen ersetzen in keinem Fall die Konsultation eines Arztes oder Heilpraktikers, k\u00f6nnen aber positiv zur Genesung beitragen.<\/p>\t\t\t\t\t\t\t\t<\/div>\n\t\t\t\t<\/div>\n\t\t\t\t\t<\/div>\n\t\t<\/div>\n\t\t\t\t\t<\/div>\n\t\t<\/section>\n\t\t\t\t<\/div>","protected":false},"excerpt":{"rendered":"<p>constant balance Salutogenetische Behandlungen Wohlgef\u00fchl, das bleibt. Constant balance &#8211; Salutogenese Der Begriff \u201eSalutogenese\u201c bezieht sich auf das Konzept, wie Gesundheit entsteht, anstatt sich nur mit der Entstehung von Krankheit zu besch\u00e4ftigen. Er wurde von Aaron Antonovsky gepr\u00e4gt und hebt hervor, dass ein Gleichgewicht zwischen den verschiedenen Aspekten des Lebens zu einem langfristigen Wohlbefinden f\u00fchrt. [&hellip;]<\/p>","protected":false},"author":1,"featured_media":0,"parent":0,"menu_order":0,"comment_status":"closed","ping_status":"closed","template":"","meta":{"footnotes":""},"class_list":["post-7923","page","type-page","status-publish","hentry"],"_links":{"self":[{"href":"https:\/\/constant-balance.com\/englische-version\/wp-json\/wp\/v2\/pages\/7923","targetHints":{"allow":["GET"]}}],"collection":[{"href":"https:\/\/constant-balance.com\/englische-version\/wp-json\/wp\/v2\/pages"}],"about":[{"href":"https:\/\/constant-balance.com\/englische-version\/wp-json\/wp\/v2\/types\/page"}],"author":[{"embeddable":true,"href":"https:\/\/constant-balance.com\/englische-version\/wp-json\/wp\/v2\/users\/1"}],"replies":[{"embeddable":true,"href":"https:\/\/constant-balance.com\/englische-version\/wp-json\/wp\/v2\/comments?post=7923"}],"version-history":[{"count":43,"href":"https:\/\/constant-balance.com\/englische-version\/wp-json\/wp\/v2\/pages\/7923\/revisions"}],"predecessor-version":[{"id":8096,"href":"https:\/\/constant-balance.com\/englische-version\/wp-json\/wp\/v2\/pages\/7923\/revisions\/8096"}],"wp:attachment":[{"href":"https:\/\/constant-balance.com\/englische-version\/wp-json\/wp\/v2\/media?parent=7923"}],"curies":[{"name":"wp","href":"https:\/\/api.w.org\/{rel}","templated":true}]}}